{"id":12,"date":"2015-08-11T10:20:27","date_gmt":"2015-08-11T10:20:27","guid":{"rendered":"http:\/\/de.konradin.se.intra.ev-ma.net\/?page_id=12"},"modified":"2025-08-04T12:06:28","modified_gmt":"2025-08-04T12:06:28","slug":"agb","status":"publish","type":"page","link":"https:\/\/www.konradin.de\/de\/agb\/","title":{"rendered":"AGB"},"content":{"rendered":"<p>Laden Sie hier die Allgemeinen Gesch\u00e4ftsbedingungen herunter.<\/p>\n<p>&gt; <a href=\"https:\/\/www.konradin.de\/de\/wp-content\/uploads\/Allgemeine-Anzeigenbedingungen-der-Konradin-Mediengruppe_2022-03-link.pdf\" target=\"_blank\" rel=\"noopener\">Anzeigenbedingungen<\/a><br \/>\n&gt; <a href=\"https:\/\/www.konradin.de\/de\/wp-content\/uploads\/Allgemeine-Dienstleistungsbedingungen-der-Konradin-Mediengruppe_2022-03.pdf\" target=\"_blank\" rel=\"noopener\">Dienstleistungsbedingungen<\/a><br \/>\n&gt; <a href=\"https:\/\/www.konradin.de\/de\/wp-content\/uploads\/Allgemeine-Bedingungen-fuer-Veranstaltungspartner_202105.pdf\" target=\"_blank\" rel=\"noopener\">Bedingungen f\u00fcr Veranstaltungspartner<\/a><br \/>\n&gt; <a href=\"https:\/\/www.konradin.de\/de\/wp-content\/uploads\/Teilnahmebedingungen-fuer-Veranstaltungen-der-Konradin-Mediengruppe_2025-07.pdf\" target=\"_blank\" rel=\"noopener\">Teilnahmebedingungen f\u00fcr Veranstaltungen<\/a><br \/>\n<a href=\"https:\/\/www.konradin.de\/de\/wp-content\/uploads\/Datenschutzinformationen_Veranstaltungen_Konradin-Mediengruppe_2022-04.pdf\">&gt; Teilnahmebedingungen f\u00fcr Veranstaltungen &#8211; Datenschutzinformationen<\/a><br \/>\n&gt; <a href=\"https:\/\/www.konradin.de\/de\/wp-content\/uploads\/Teilnahmebedingungen_fuer_-Gewinnspiele_der-Konradin_Mediengruppe_2021-11.pdf\" target=\"_blank\" rel=\"noopener\">Teilnahmebedingungen f\u00fcr Gewinnspiele<\/a><br \/>\n&gt; <a href=\"https:\/\/www.konradin.de\/de\/wp-content\/uploads\/Datenschutzinformationen_fuer-Gewinnspiele_der-Konradin_Mediengruppe_2021-11.pdf\" target=\"_blank\" rel=\"noopener\">Teilnahmebedingungen f\u00fcr Gewinnspiele &#8211; Datenschutzinformationen<\/a><\/p>\n<p>&nbsp;<\/p>\n<p>&nbsp;<\/p>\n","protected":false},"excerpt":{"rendered":"<p>Laden Sie hier die Allgemeinen Gesch\u00e4ftsbedingungen herunter. &gt; Anzeigenbedingungen &gt; Dienstleistungsbedingungen &gt; Bedingungen f\u00fcr Veranstaltungspartner &gt; Teilnahmebedingungen f\u00fcr Veranstaltungen &gt; Teilnahmebedingungen f\u00fcr Veranstaltungen &#8211; Datenschutzinformationen &gt; Teilnahmebedingungen f\u00fcr Gewinnspiele &gt; Teilnahmebedingungen f\u00fcr Gewinnspiele &#8211; Datenschutzinformationen &nbsp; &nbsp;<\/p>\n","protected":false},"author":1,"featured_media":1171,"parent":0,"menu_order":1000,"comment_status":"closed","ping_status":"closed","template":"","meta":[],"_links":{"self":[{"href":"https:\/\/www.konradin.de\/de\/wp-json\/wp\/v2\/pages\/12"}],"collection":[{"href":"https:\/\/www.konradin.de\/de\/wp-json\/wp\/v2\/pages"}],"about":[{"href":"https:\/\/www.konradin.de\/de\/wp-json\/wp\/v2\/types\/page"}],"author":[{"embeddable":true,"href":"https:\/\/www.konradin.de\/de\/wp-json\/wp\/v2\/users\/1"}],"replies":[{"embeddable":true,"href":"https:\/\/www.konradin.de\/de\/wp-json\/wp\/v2\/comments?post=12"}],"version-history":[{"count":23,"href":"https:\/\/www.konradin.de\/de\/wp-json\/wp\/v2\/pages\/12\/revisions"}],"predecessor-version":[{"id":5497,"href":"https:\/\/www.konradin.de\/de\/wp-json\/wp\/v2\/pages\/12\/revisions\/5497"}],"wp:featuredmedia":[{"embeddable":true,"href":"https:\/\/www.konradin.de\/de\/wp-json\/wp\/v2\/media\/1171"}],"wp:attachment":[{"href":"https:\/\/www.konradin.de\/de\/wp-json\/wp\/v2\/media?parent=12"}],"curies":[{"name":"wp","href":"https:\/\/api.w.org\/{rel}","templated":true}]}}