{"id":131,"date":"2015-08-25T09:24:57","date_gmt":"2015-08-25T09:24:57","guid":{"rendered":"http:\/\/de.konradin.se.intra.ev-ma.net\/de\/?page_id=131"},"modified":"2026-03-26T08:57:03","modified_gmt":"2026-03-26T08:57:03","slug":"wissen","status":"publish","type":"page","link":"https:\/\/www.konradin.de\/de\/medien\/wissen\/","title":{"rendered":"Wissen"},"content":{"rendered":"<p><strong>Unser Medienangebot<\/strong><\/p>\n<ul>\n<li>umfasst drei anspruchsvolle Wissensmagazine\u00a0 zu den Themenbereichen Wissenschaft,\u00a0 Geschichte sowie Natur und Nachhaltigkeit.<\/li>\n<li>\u00a0bietet online eines der gr\u00f6\u00dften Wissens-Netzwerke Deutschlands.<\/li>\n<\/ul>\n<p><strong>Unsere Zielgruppen<br \/>\n<\/strong><\/p>\n<ul>\n<li>sind wissbegierige, an fundierter Information interessierte und engagierte Menschen, die\u00a0auf Bildung und Kultur Wert legen und\u00a0vielfach einen \u00f6kologisch verantwortungsvollen Lebensstil pflegen.<\/li>\n<li>sind oft Meinungsf\u00fchrer in unserer Gesellschaft und z\u00e4hlen zu den gehobenen Schichten.<\/li>\n<\/ul>\n<p><strong>Au\u00dferdem<\/strong><br \/>\nUnsere <strong>Online-Shops<\/strong> bieten erg\u00e4nzende Fach- und Sachb\u00fccher, Technikspielzeug f\u00fcr T\u00fcftler und niveauvolle Geschenkideen.<br \/>\n<strong>Exklusive Leserreisen<\/strong> mit redaktioneller Begleitung f\u00fchren zu spannenden Orten dieser Welt.<\/p>\n<p><strong>Unsere Medienmarken<\/strong><\/p>\n","protected":false},"excerpt":{"rendered":"<p>Unser Medienangebot umfasst drei anspruchsvolle Wissensmagazine\u00a0 zu den Themenbereichen Wissenschaft,\u00a0 Geschichte sowie Natur und Nachhaltigkeit. \u00a0bietet online eines der gr\u00f6\u00dften Wissens-Netzwerke Deutschlands. Unsere Zielgruppen sind wissbegierige, an fundierter Information interessierte und engagierte Menschen, die\u00a0auf Bildung und Kultur Wert legen und\u00a0vielfach einen \u00f6kologisch verantwortungsvollen Lebensstil pflegen. sind oft Meinungsf\u00fchrer in unserer Gesellschaft und z\u00e4hlen zu den [&hellip;]<\/p>\n","protected":false},"author":1,"featured_media":1191,"parent":4,"menu_order":0,"comment_status":"closed","ping_status":"closed","template":"pages\/template-portfolio.php","meta":[],"_links":{"self":[{"href":"https:\/\/www.konradin.de\/de\/wp-json\/wp\/v2\/pages\/131"}],"collection":[{"href":"https:\/\/www.konradin.de\/de\/wp-json\/wp\/v2\/pages"}],"about":[{"href":"https:\/\/www.konradin.de\/de\/wp-json\/wp\/v2\/types\/page"}],"author":[{"embeddable":true,"href":"https:\/\/www.konradin.de\/de\/wp-json\/wp\/v2\/users\/1"}],"replies":[{"embeddable":true,"href":"https:\/\/www.konradin.de\/de\/wp-json\/wp\/v2\/comments?post=131"}],"version-history":[{"count":72,"href":"https:\/\/www.konradin.de\/de\/wp-json\/wp\/v2\/pages\/131\/revisions"}],"predecessor-version":[{"id":5696,"href":"https:\/\/www.konradin.de\/de\/wp-json\/wp\/v2\/pages\/131\/revisions\/5696"}],"up":[{"embeddable":true,"href":"https:\/\/www.konradin.de\/de\/wp-json\/wp\/v2\/pages\/4"}],"wp:featuredmedia":[{"embeddable":true,"href":"https:\/\/www.konradin.de\/de\/wp-json\/wp\/v2\/media\/1191"}],"wp:attachment":[{"href":"https:\/\/www.konradin.de\/de\/wp-json\/wp\/v2\/media?parent=131"}],"curies":[{"name":"wp","href":"https:\/\/api.w.org\/{rel}","templated":true}]}}