{"id":172,"date":"2015-08-25T13:44:30","date_gmt":"2015-08-25T13:44:30","guid":{"rendered":"http:\/\/de.konradin.se.intra.ev-ma.net\/de\/?page_id=172"},"modified":"2026-03-26T09:02:12","modified_gmt":"2026-03-26T09:02:12","slug":"industrie","status":"publish","type":"page","link":"https:\/\/www.konradin.de\/de\/medien\/industrie\/","title":{"rendered":"Industrie"},"content":{"rendered":"<p><strong>Unser Medienangebot<\/strong><\/p>\n<ul>\n<li>umfasst 15 Medienmarken: Fachzeitschriften, Sonderpublikationen und Online-Portale f\u00fcr Entscheidungstr\u00e4ger in der Industrie.<\/li>\n<li>besteht aus Fachmedien, die vielfach seit Jahrzehnten in\u00a0ihren M\u00e4rkten zuhause sind und das Vertrauen von Unternehmen und\u00a0Werbetreibenden genie\u00dfen.<\/li>\n<li>spricht qualifizierte F\u00fchrungskr\u00e4fte in einer funktionalen Breite an, die ihresgleichen sucht.<\/li>\n<\/ul>\n<p><strong>Unsere Zielgruppen<\/strong><\/p>\n<ul>\n<li>sind die Entscheider in den zentralen Branchen der Industrie oder nutzen als Spezialisten fokussierte Informationen in wichtigen Teilgebieten bzw. innovativen Wachstumsbereichen.<\/li>\n<li>informieren sich in unseren Fachmedien \u00fcber Innovationen und attestieren unseren Fachzeitschriften\u00a0seit Jahren\u00a0hohe Glaubw\u00fcrdigkeit und Entscheidungsrelevanz.<\/li>\n<\/ul>\n<p><strong>Au\u00dferdem<\/strong><br \/>\nAls <strong>Netzwerk f\u00fcr Industriekommunikation<\/strong> erm\u00f6glichen wir eine <strong>crossmediale, zielgruppenspezifische Ansprache<\/strong> in Print und Online, \u00fcber Events und Medienpartnerschaften bis hin zu Corporate-Publishing. Wir sind der kompetente Partner f\u00fcr integrierte Kommunikation in der Industrie.<br \/>\n<strong>Weitere Informationen f\u00fcr Mediaplaner unter <a href=\"http:\/\/media.industrie.de\" target=\"_blank\" rel=\"noopener noreferrer\">media.industrie.de<\/a><\/strong><\/p>\n<p><strong>Unsere Medienmarken<\/strong><\/p>\n","protected":false},"excerpt":{"rendered":"<p>Unser Medienangebot umfasst 15 Medienmarken: Fachzeitschriften, Sonderpublikationen und Online-Portale f\u00fcr Entscheidungstr\u00e4ger in der Industrie. besteht aus Fachmedien, die vielfach seit Jahrzehnten in\u00a0ihren M\u00e4rkten zuhause sind und das Vertrauen von Unternehmen und\u00a0Werbetreibenden genie\u00dfen. spricht qualifizierte F\u00fchrungskr\u00e4fte in einer funktionalen Breite an, die ihresgleichen sucht. Unsere Zielgruppen sind die Entscheider in den zentralen Branchen der Industrie oder [&hellip;]<\/p>\n","protected":false},"author":1,"featured_media":1219,"parent":4,"menu_order":0,"comment_status":"closed","ping_status":"closed","template":"pages\/template-portfolio.php","meta":[],"_links":{"self":[{"href":"https:\/\/www.konradin.de\/de\/wp-json\/wp\/v2\/pages\/172"}],"collection":[{"href":"https:\/\/www.konradin.de\/de\/wp-json\/wp\/v2\/pages"}],"about":[{"href":"https:\/\/www.konradin.de\/de\/wp-json\/wp\/v2\/types\/page"}],"author":[{"embeddable":true,"href":"https:\/\/www.konradin.de\/de\/wp-json\/wp\/v2\/users\/1"}],"replies":[{"embeddable":true,"href":"https:\/\/www.konradin.de\/de\/wp-json\/wp\/v2\/comments?post=172"}],"version-history":[{"count":108,"href":"https:\/\/www.konradin.de\/de\/wp-json\/wp\/v2\/pages\/172\/revisions"}],"predecessor-version":[{"id":5697,"href":"https:\/\/www.konradin.de\/de\/wp-json\/wp\/v2\/pages\/172\/revisions\/5697"}],"up":[{"embeddable":true,"href":"https:\/\/www.konradin.de\/de\/wp-json\/wp\/v2\/pages\/4"}],"wp:featuredmedia":[{"embeddable":true,"href":"https:\/\/www.konradin.de\/de\/wp-json\/wp\/v2\/media\/1219"}],"wp:attachment":[{"href":"https:\/\/www.konradin.de\/de\/wp-json\/wp\/v2\/media?parent=172"}],"curies":[{"name":"wp","href":"https:\/\/api.w.org\/{rel}","templated":true}]}}