{"id":179,"date":"2015-08-25T13:47:37","date_gmt":"2015-08-25T13:47:37","guid":{"rendered":"http:\/\/de.konradin.se.intra.ev-ma.net\/de\/?page_id=179"},"modified":"2022-07-13T13:26:01","modified_gmt":"2022-07-13T13:26:01","slug":"augenoptik","status":"publish","type":"page","link":"https:\/\/www.konradin.de\/de\/medien\/augenoptik\/","title":{"rendered":"Augenoptik"},"content":{"rendered":"<p><strong>Unser Medienangebot<br \/>\n<\/strong><\/p>\n<ul>\n<li>zeichnet sich durch eine starke Pr\u00e4senz im Markt aus, die Titel sind seit Jahrzehnten Pflichtlekt\u00fcre der Branche \u2013 und zwar sowohl Print als auch Online<\/li>\n<li>umfasst individuelle Konzepte, die konkret auf die jeweiligen Zielgruppen abgestimmt sind.<\/li>\n<\/ul>\n<p><strong>Unsere Zielgruppen<\/strong><\/p>\n<ul>\n<li>sind selbstst\u00e4ndige und angestellte Augenoptiker, Fachleute in der Industrie, Eink\u00e4ufer und Verk\u00e4ufer im Fachhandel, Optometristen, Augen\u00e4rzte, Kontaktlinsen-Spezialisten, Studenten &#8211; die heutigen und zuk\u00fcnftigen Entscheider der Optik-Branche.<\/li>\n<\/ul>\n<p><strong>Au\u00dferdem<\/strong><\/p>\n<ul>\n<li><strong>AO-Info, die weltweite Optik-Datenbank<\/strong>, stellt f\u00fcr\u00a0Abonnenten die wichtigsten Hersteller-Adressen online \u00fcbersichtlich bereit und bietet durch Suchfunktionen einen schnellen Zugriff.<\/li>\n<li>Die Website\u00a0<strong>www.der-augenoptiker.de<\/strong> bietet News, Jobs und Produktinformationen. Diese crossmediale Ausrichtung st\u00e4rkt die Position von DER AUGENOPTIKER im Markt.<\/li>\n<li>Durch <strong>Leserreisen, Events, Innovationstage und Seminare<\/strong> bietet DER AUGENOPTIKER einen zus\u00e4tzlichen Mehrwert f\u00fcr Leser und Mediapartner.<\/li>\n<\/ul>\n<p><strong>Unsere Medienmarken<\/strong><\/p>\n","protected":false},"excerpt":{"rendered":"<p>Unser Medienangebot zeichnet sich durch eine starke Pr\u00e4senz im Markt aus, die Titel sind seit Jahrzehnten Pflichtlekt\u00fcre der Branche \u2013 und zwar sowohl Print als auch Online umfasst individuelle Konzepte, die konkret auf die jeweiligen Zielgruppen abgestimmt sind. Unsere Zielgruppen sind selbstst\u00e4ndige und angestellte Augenoptiker, Fachleute in der Industrie, Eink\u00e4ufer und Verk\u00e4ufer im Fachhandel, Optometristen, [&hellip;]<\/p>\n","protected":false},"author":1,"featured_media":1193,"parent":4,"menu_order":0,"comment_status":"closed","ping_status":"closed","template":"pages\/template-portfolio.php","meta":[],"_links":{"self":[{"href":"https:\/\/www.konradin.de\/de\/wp-json\/wp\/v2\/pages\/179"}],"collection":[{"href":"https:\/\/www.konradin.de\/de\/wp-json\/wp\/v2\/pages"}],"about":[{"href":"https:\/\/www.konradin.de\/de\/wp-json\/wp\/v2\/types\/page"}],"author":[{"embeddable":true,"href":"https:\/\/www.konradin.de\/de\/wp-json\/wp\/v2\/users\/1"}],"replies":[{"embeddable":true,"href":"https:\/\/www.konradin.de\/de\/wp-json\/wp\/v2\/comments?post=179"}],"version-history":[{"count":32,"href":"https:\/\/www.konradin.de\/de\/wp-json\/wp\/v2\/pages\/179\/revisions"}],"predecessor-version":[{"id":5021,"href":"https:\/\/www.konradin.de\/de\/wp-json\/wp\/v2\/pages\/179\/revisions\/5021"}],"up":[{"embeddable":true,"href":"https:\/\/www.konradin.de\/de\/wp-json\/wp\/v2\/pages\/4"}],"wp:featuredmedia":[{"embeddable":true,"href":"https:\/\/www.konradin.de\/de\/wp-json\/wp\/v2\/media\/1193"}],"wp:attachment":[{"href":"https:\/\/www.konradin.de\/de\/wp-json\/wp\/v2\/media?parent=179"}],"curies":[{"name":"wp","href":"https:\/\/api.w.org\/{rel}","templated":true}]}}