{"id":2641,"date":"2018-11-08T12:47:25","date_gmt":"2018-11-08T12:47:25","guid":{"rendered":"http:\/\/staging.konradin.datenkasten.de\/de\/?page_id=2641"},"modified":"2026-03-23T13:59:02","modified_gmt":"2026-03-23T13:59:02","slug":"volontariat","status":"publish","type":"page","link":"https:\/\/www.konradin.de\/de\/karriere\/volontariat\/","title":{"rendered":"Volontariat"},"content":{"rendered":"<section class=\"wpb-content-wrapper\">[vc_row][vc_column][vc_text_separator title=&#8220;Ihr Einstieg bei Konradin&#8220; i_icon_fontawesome=&#8220;fa fa-chevron-circle-right&#8220; i_color=&#8220;custom&#8220; title_align=&#8220;separator_align_left&#8220; style=&#8220;dashed&#8220; add_icon=&#8220;true&#8220; i_custom_color=&#8220;#3361ae&#8220;][\/vc_column][\/vc_row][vc_row][vc_column][vc_column_text]Wir entwickeln k\u00fcnftige Fach- und F\u00fchrungskr\u00e4fte !<\/p>\n<h2>Die wichtigsten Fragen rund ums Volontariat<\/h2>\n[\/vc_column_text][\/vc_column][\/vc_row][vc_row][vc_column width=&#8220;4\/6&#8243; css=&#8220;.vc_custom_1548162648097{padding-top: 20px !important;}&#8220;][vc_column_text]\n<h4>Interview mit Lukas Petersen, ehem. Volont\u00e4r in der Redaktion BM bei Konradin<\/h4>\n<h3>Was genau ist ein Volontariat?<\/h3>\n<p>Ein Volontariat qualifiziert f\u00fcr die T\u00e4tigkeit als Redakteur. Bei Konradin liegt der Fokus auf dem Thema Fachjournalismus.<\/p>\n<p>Als Volont\u00e4r bekommt man die journalistische Grundausbildung, um k\u00fcnftig professionell als Fachredakteur arbeiten zu k\u00f6nnen.<\/p>\n<p>Man recherchiert, entwickelt seinen eigenen Schreibstil, redigiert, erlernt Interviewtechniken und sp\u00fcrt wichtige Themen und Geschichten auf. Gleichzeitig hat man die M\u00f6glichkeit zum Netzwerken, denn auf gute Kontakte kommt es in der Medienbranche an.<\/p>\n<h3>Welche Grundvoraussetzung brauche ich f\u00fcr ein Volontariat?<\/h3>\n<p>Grunds\u00e4tzlich ein einschl\u00e4giges Hochschulstudium, aber auch f\u00fcr Quereinsteiger mit praktischer Ausbildung kann ein Volontariat interessant sein.[\/vc_column_text][\/vc_column][vc_column width=&#8220;2\/6&#8243;][vc_single_image image=&#8220;4003&#8243; img_size=&#8220;full&#8220; el_class=&#8220;lukas&#8220;][\/vc_column][\/vc_row][vc_row][vc_column][vc_column_text]\n<h3>In welchen Bereichen gibt es Volontariate bei Konradin?<\/h3>\n<p>Eigentlich ist ein Volo in allen Fachredaktionen bei Konradin m\u00f6glich. Das tolle bei uns ist, dass es so viele unterschiedliche Themengebiete innerhalb des Verlags gibt. Durch diese Vielfalt profitiert man als Volo enorm.<\/p>\n<h3>Wie lange dauert so eine Ausbildung?<\/h3>\n<p>Ein Volontariat dauert 24 Monate. Man durchl\u00e4uft mehrere Ressorts, die einen vor ganz unterschiedliche Herausforderungen stellen. Man bekommt zus\u00e4tzliche Schulungen intern und extern. Und auch sonst erh\u00e4lt man bei Bedarf Unterst\u00fctzung von allen Seiten.<\/p>\n<h3>Bekomme ich als Volont\u00e4r eine Verg\u00fctung?<\/h3>\n<p>Ja, wir bekommen eine Ausbildungsverg\u00fctung, die sich nach dem aktuellen Tarifvertrag des DJVs (Deutscher Journalisten-Verband) richtet.<\/p>\n<h3>Was ist der Mehrwert eines Volontariats?<\/h3>\n<p>Ein Volo bietet eine sehr gute Einstiegsm\u00f6glichkeit in die Medienbranche. Daher denke ich gilt diese Vorbereitung als Karrieresprungbrett f\u00fcr alle jungen Menschen, die das komplette Handwerkszeug des Journalismus oder der PR in der Praxis fundiert erlernen wollen.<\/p>\n<h3>Gibt es ein besonderes Highlight w\u00e4hrend Ihrer Ausbildung?<\/h3>\n<p>Ich werde im Sommer f\u00fcr vier Wochen zu unserem Standort nach Dortmund gehen. Dort dreht sich alles um das Thema Musik und Kultur. Eine Leidenschaft von mir. Ich freue mich riesig auf diese Zeit, darauf interessante Menschen kennenzulernen und hoffe ein paar tolle Events zu erleben.[\/vc_column_text][\/vc_column][\/vc_row][vc_row][vc_column][vc_empty_space][\/vc_column][\/vc_row][vc_row][vc_column][vc_column_text]\n<h2>Erfahrungen von unseren Volont\u00e4ren<\/h2>\n[\/vc_column_text][\/vc_column][\/vc_row][vc_row content_placement=&#8220;middle&#8220;][vc_column width=&#8220;1\/2&#8243;][vc_column_text]\n<h4>Lukas Petersen, Redakteur BM<\/h4>\n<h5>(ehem. Volont\u00e4r)<\/h5>\n[\/vc_column_text][vc_column_text]\n<div style=\"width: 900px;\" class=\"wp-video\"><!--[if lt IE 9]><script>document.createElement('video');<\/script><![endif]-->\n<video class=\"wp-video-shortcode\" id=\"video-2641-1\" width=\"900\" height=\"506\" poster=\"https:\/\/www.konradin.de\/de\/wp-content\/uploads\/petersen-Videobild3.png\" preload=\"metadata\" controls=\"controls\"><source type=\"video\/mp4\" src=\"https:\/\/www.konradin.de\/de\/wp-content\/uploads\/04_Konradin_Petersen-kon.mp4?_=1\" \/><a href=\"https:\/\/www.konradin.de\/de\/wp-content\/uploads\/04_Konradin_Petersen-kon.mp4\">https:\/\/www.konradin.de\/de\/wp-content\/uploads\/04_Konradin_Petersen-kon.mp4<\/a><\/video><\/div>\n[\/vc_column_text][\/vc_column][\/vc_row][vc_row][vc_column width=&#8220;1\/2&#8243;][vc_column_text]\n<h4>Johanna Pimenta, Chefredakteurin md<\/h4>\n<h5>(ehem. Volont\u00e4rin)<\/h5>\n[\/vc_column_text][vc_column_text]\n<div style=\"width: 600px;\" class=\"wp-video\"><video class=\"wp-video-shortcode\" id=\"video-2641-2\" width=\"600\" height=\"430\" preload=\"metadata\" controls=\"controls\"><source type=\"video\/mp4\" src=\"https:\/\/www.konradin.de\/de\/wp-content\/uploads\/01A_Konradin_Pimenta_800.mp4?_=2\" \/><a href=\"https:\/\/www.konradin.de\/de\/wp-content\/uploads\/01A_Konradin_Pimenta_800.mp4\">https:\/\/www.konradin.de\/de\/wp-content\/uploads\/01A_Konradin_Pimenta_800.mp4<\/a><\/video><\/div>\n[\/vc_column_text][\/vc_column][vc_column width=&#8220;1\/2&#8243;][\/vc_column][\/vc_row]\n<\/section>","protected":false},"excerpt":{"rendered":"<p>[vc_row][vc_column][vc_text_separator title=&#8220;Ihr Einstieg bei Konradin&#8220; i_icon_fontawesome=&#8220;fa fa-chevron-circle-right&#8220; i_color=&#8220;custom&#8220; title_align=&#8220;separator_align_left&#8220; style=&#8220;dashed&#8220; add_icon=&#8220;true&#8220; i_custom_color=&#8220;#3361ae&#8220;][\/vc_column][\/vc_row][vc_row][vc_column][vc_column_text]Wir entwickeln k\u00fcnftige Fach- und F\u00fchrungskr\u00e4fte ! Die wichtigsten Fragen rund ums Volontariat [\/vc_column_text][\/vc_column][\/vc_row][vc_row][vc_column width=&#8220;4\/6&#8243; css=&#8220;.vc_custom_1548162648097{padding-top: 20px !important;}&#8220;][vc_column_text] Interview mit Lukas Petersen, ehem. Volont\u00e4r in der Redaktion BM bei Konradin Was genau ist ein Volontariat? Ein Volontariat qualifiziert f\u00fcr die T\u00e4tigkeit als Redakteur. Bei [&hellip;]<\/p>\n","protected":false},"author":12,"featured_media":0,"parent":2708,"menu_order":0,"comment_status":"closed","ping_status":"closed","template":"","meta":[],"_links":{"self":[{"href":"https:\/\/www.konradin.de\/de\/wp-json\/wp\/v2\/pages\/2641"}],"collection":[{"href":"https:\/\/www.konradin.de\/de\/wp-json\/wp\/v2\/pages"}],"about":[{"href":"https:\/\/www.konradin.de\/de\/wp-json\/wp\/v2\/types\/page"}],"author":[{"embeddable":true,"href":"https:\/\/www.konradin.de\/de\/wp-json\/wp\/v2\/users\/12"}],"replies":[{"embeddable":true,"href":"https:\/\/www.konradin.de\/de\/wp-json\/wp\/v2\/comments?post=2641"}],"version-history":[{"count":269,"href":"https:\/\/www.konradin.de\/de\/wp-json\/wp\/v2\/pages\/2641\/revisions"}],"predecessor-version":[{"id":5674,"href":"https:\/\/www.konradin.de\/de\/wp-json\/wp\/v2\/pages\/2641\/revisions\/5674"}],"up":[{"embeddable":true,"href":"https:\/\/www.konradin.de\/de\/wp-json\/wp\/v2\/pages\/2708"}],"wp:attachment":[{"href":"https:\/\/www.konradin.de\/de\/wp-json\/wp\/v2\/media?parent=2641"}],"curies":[{"name":"wp","href":"https:\/\/api.w.org\/{rel}","templated":true}]}}