{"id":2718,"date":"2019-02-05T13:39:52","date_gmt":"2019-02-05T13:39:52","guid":{"rendered":"http:\/\/staging.konradin.datenkasten.de\/de\/?page_id=2718"},"modified":"2026-03-23T14:00:48","modified_gmt":"2026-03-23T14:00:48","slug":"arbeiten-bei-konradin","status":"publish","type":"page","link":"https:\/\/www.konradin.de\/de\/karriere\/arbeiten-bei-konradin\/","title":{"rendered":"Arbeiten bei Konradin"},"content":{"rendered":"<section class=\"wpb-content-wrapper\">[vc_row][vc_column][vc_text_separator title=&#8220;Unsere Vielfalt&#8220; i_icon_fontawesome=&#8220;fa fa-chevron-circle-right&#8220; i_color=&#8220;custom&#8220; title_align=&#8220;separator_align_left&#8220; style=&#8220;dashed&#8220; border_width=&#8220;2&#8243; add_icon=&#8220;true&#8220; i_custom_color=&#8220;#3361ae&#8220;][\/vc_column][\/vc_row][vc_row][vc_column width=&#8220;1\/5&#8243;][vc_column_text css_animation=&#8220;none&#8220; el_class=&#8220;zahlen&#8220; css=&#8220;.vc_custom_1770282237821{margin-bottom: 0px !important;}&#8220;]<div class=\"su-animate\" style=\"opacity:0;-webkit-animation-duration:1s;-webkit-animation-delay:0s;animation-duration:1s;animation-delay:0s;\" data-animation=\"fadeInLeft\" data-duration=\"1\" data-delay=\"0\">\n<p style=\"text-align: center;\">220+<\/p>\n<\/div>[\/vc_column_text][vc_column_text css_animation=&#8220;none&#8220; el_class=&#8220;zahlenwort&#8220;]<div class=\"su-animate\" style=\"opacity:0;-webkit-animation-duration:1s;-webkit-animation-delay:0s;animation-duration:1s;animation-delay:0s;\" data-animation=\"fadeInLeft\" data-duration=\"1\" data-delay=\"0\">\n<p>Mitarbeiter<\/p>\n<\/div>[\/vc_column_text][\/vc_column][vc_column width=&#8220;1\/5&#8243;][vc_column_text css_animation=&#8220;none&#8220; el_class=&#8220;zahlen&#8220; css=&#8220;.vc_custom_1557756829288{margin-bottom: 0px !important;}&#8220;]<div class=\"su-animate\" style=\"opacity:0;-webkit-animation-duration:1s;-webkit-animation-delay:0.2s;animation-duration:1s;animation-delay:0.2s;\" data-animation=\"fadeInLeft\" data-duration=\"1\" data-delay=\"0.2\">\n<p style=\"text-align: center;\">50<\/p>\n<\/div>[\/vc_column_text][vc_column_text css_animation=&#8220;none&#8220; el_class=&#8220;zahlenwort&#8220;]<div class=\"su-animate\" style=\"opacity:0;-webkit-animation-duration:1s;-webkit-animation-delay:0.2s;animation-duration:1s;animation-delay:0.2s;\" data-animation=\"fadeInLeft\" data-duration=\"1\" data-delay=\"0.2\">\n<p>Medienmarken<\/p>\n<\/div>[\/vc_column_text][\/vc_column][vc_column width=&#8220;2\/5&#8243;][vc_column_text el_class=&#8220;zahlen&#8220; css=&#8220;.vc_custom_1557757975977{margin-bottom: 0px !important;}&#8220;]<div class=\"su-animate\" style=\"opacity:0;-webkit-animation-duration:1s;-webkit-animation-delay:0.4s;animation-duration:1s;animation-delay:0.4s;\" data-animation=\"fadeInLeft\" data-duration=\"1\" data-delay=\"0.4\">\n<p style=\"text-align: center;\"><span class=\"st\">\u00d8<\/span> 17 Jahre<\/p>\n<\/div>[\/vc_column_text][vc_column_text el_class=&#8220;zahlenwort&#8220;]<div class=\"su-animate\" style=\"opacity:0;-webkit-animation-duration:1s;-webkit-animation-delay:0.4s;animation-duration:1s;animation-delay:0.4s;\" data-animation=\"fadeInLeft\" data-duration=\"1\" data-delay=\"0.4\">\n<p>Betriebszugeh\u00f6rigkeit<\/p>\n<\/div>[\/vc_column_text][\/vc_column][\/vc_row][vc_row][vc_column][vc_empty_space][\/vc_column][\/vc_row][vc_row][vc_column][vc_column_text]\n<h4 style=\"font-weight: 600;\">Wissen steht f\u00fcr uns im Zentrum unseres Denkens und Handelns.<\/h4>\n<p>Wir verstehen uns als versierte Fachcontent-Produzenten. Bei uns erwarten Sie professionelle <strong>Fachmedien aus den Bereichen Industrie, Architektur, Handwerk, Genuss, Wissen, Kultur, Arbeitswelt und Augenoptik<\/strong>.<br \/>\nWir transportieren Fachinformationen pr\u00e4zise, fundiert und aktuell zur jeweiligen Zielgruppe. Dieser Herausforderung stellen wir uns gemeinsam jeden Tag aufs Neue in allen Bereichen. Alle Fachzeitschriften und Special Interest Magazine entstehen hier vor Ort. <strong style=\"color: #3361ae;\">Werden Sie Teil dieses spannenden Prozesses!<\/strong>[\/vc_column_text][vc_empty_space][\/vc_column][\/vc_row][vc_row][vc_column][vc_column_text]\n<h2>\u201eWir freuen uns auch \u00fcber Lebensl\u00e4ufe mit Ecken und Kanten, wichtig sind Leidenschaft und Engagement.\u201c<\/h2>\n[\/vc_column_text][\/vc_column][\/vc_row][vc_row css=&#8220;.vc_custom_1549378420878{margin-top: 10px !important;}&#8220;][vc_column][vc_empty_space][\/vc_column][\/vc_row][vc_row][vc_column][vc_column_text el_class=&#8220;desktop&#8220;]\n<h2>Luftblick auf den Konradin-Hauptsitz in Leinfelden<\/h2>\n<div style=\"width: 850px;\" class=\"wp-video\"><!--[if lt IE 9]><script>document.createElement('video');<\/script><![endif]-->\n<video class=\"wp-video-shortcode\" id=\"video-2718-1\" width=\"850\" height=\"500\" preload=\"metadata\" controls=\"controls\"><source type=\"video\/mp4\" src=\"\/de\/wp-content\/uploads\/KonradinAIR_3_800.mp4?_=1\" \/><a href=\"\/de\/wp-content\/uploads\/KonradinAIR_3_800.mp4\">\/de\/wp-content\/uploads\/KonradinAIR_3_800.mp4<\/a><\/video><\/div>\n[\/vc_column_text][vc_column_text el_class=&#8220;mobile&#8220;]\n<h2>Luftblick auf den Konradin-Hauptsitz in Leinfelden<\/h2>\n<div style=\"width: 350px;\" class=\"wp-video\"><video class=\"wp-video-shortcode\" id=\"video-2718-2\" width=\"350\" height=\"200\" preload=\"metadata\" controls=\"controls\"><source type=\"video\/mp4\" src=\"\/de\/wp-content\/uploads\/KonradinAIR_3_800.mp4?_=2\" \/><a href=\"\/de\/wp-content\/uploads\/KonradinAIR_3_800.mp4\">\/de\/wp-content\/uploads\/KonradinAIR_3_800.mp4<\/a><\/video><\/div>\n[\/vc_column_text][\/vc_column][\/vc_row][vc_row css=&#8220;.vc_custom_1549378420878{margin-top: 10px !important;}&#8220;][vc_column][vc_empty_space][\/vc_column][\/vc_row][vc_row][vc_column][vc_column_text]\n<h2>Das sind wir<\/h2>\n[\/vc_column_text][\/vc_column][\/vc_row][vc_row][vc_column width=&#8220;1\/4&#8243;][vc_single_image image=&#8220;3476&#8243; img_size=&#8220;full&#8220;][vc_column_text]\n<h3>Claudia Weygang,<br \/>\nLeiterin Anzeigenverkauf<\/h3>\n<p>&#8222;<em>Bei Konradin habe ich die M\u00f6glichkeit selbst\u00e4ndig und kreativ zu arbeiten<\/em>&#8220;<\/p>\n<p>Das Aufgabengebiet in der Anzeigenabteilung ist sehr interessant und vielseitig und bringt immer wieder neue Herausforderungen. <div class=\"su-spoiler su-spoiler-style-default su-spoiler-icon-plus su-spoiler-closed\" data-scroll-offset=\"0\" data-anchor-in-url=\"no\"><div class=\"su-spoiler-title\" tabindex=\"0\" role=\"button\"><span class=\"su-spoiler-icon\"><\/span>mehr<\/div><div class=\"su-spoiler-content su-u-clearfix su-u-trim\">Technik, Prozesse und Strukturen ver\u00e4ndern sich, es entstehen neue Gesch\u00e4ftsmodelle, z.B. crossmediale Angebote, Veranstaltungen, Marktforschung\u2026<br \/>\nZu den konkreten Aufgaben geh\u00f6ren der Verkauf von Anzeigen, Online- und Sonderprodukten, die pers\u00f6nliche Betreuung und Beratung von Kunden und Agenturen, Besuche von Fachmessen, Erstellung von Angeboten, Pr\u00e4sentationen und Verkaufsunterlagen, Konzeption und Durchf\u00fchrung von Werbe- und Verkaufsma\u00dfnahmen, verantwortliche Betreuung einzelner Projekte, Beobachtung der Marktentwicklung, Erschlie\u00dfung neuer Marktpotenziale, Entwicklung neuer Gesch\u00e4ftsmodelle.<br \/>\nEin entscheidender Pluspunkt f\u00fcr mich ist die M\u00f6glichkeit, selbst\u00e4ndig und kreativ zu arbeiten,<br \/>\nz.B. Ideen f\u00fcr neue Angebotsformen zu entwickeln und umzusetzen.<\/div><\/div>[\/vc_column_text][\/vc_column][vc_column width=&#8220;1\/4&#8243;][vc_single_image image=&#8220;3485&#8243; img_size=&#8220;full&#8220;][vc_column_text]\n<h3>Florian Holocher, Projektmanager Corporate Media Services<\/h3>\n<p>&#8222;<em>Mein Vorgesetzter hat immer ein offenes Ohr<\/em>&#8220;<\/p>\n<p>Konradin als Arbeitgeber bringt einem wirklich sehr viel Freir\u00e4ume und Vertrauen entgegen, so dass man sich sehr individuell entfalten kann.<div class=\"su-spoiler su-spoiler-style-default su-spoiler-icon-plus su-spoiler-closed\" data-scroll-offset=\"0\" data-anchor-in-url=\"no\"><div class=\"su-spoiler-title\" tabindex=\"0\" role=\"button\"><span class=\"su-spoiler-icon\"><\/span>mehr<\/div><div class=\"su-spoiler-content su-u-clearfix su-u-trim\">Flache Hierarchien und kurze Wege vereinfachen so manches umfangreiches Projekt.<br \/>\nMein Vorgesetzter hat immer ein offenes Ohr und versucht mir auch in kniffligen Situationen zu helfen oder bietet konkrete Hilfestellung an.<br \/>\n<\/div><\/div>[\/vc_column_text][\/vc_column][vc_column width=&#8220;1\/4&#8243;][vc_single_image image=&#8220;3489&#8243; img_size=&#8220;full&#8220;][vc_column_text]\n<h3>Julia Knapp, Anzeigenverkaufsleiterin \/ Sales Managerin<\/h3>\n<p>&#8222;<em>Mir gef\u00e4llt das gute Klima unter den Kollegen<\/em>&#8220;<\/p>\n<p>Meine Kollegen unterst\u00fctzen sich gegenseitig mit Rat und Tat und man unternimmt auch gerne \u00fcber den Feierabend hinaus etwas zusammen. [\/vc_column_text][\/vc_column][vc_column width=&#8220;1\/4&#8243;][vc_single_image image=&#8220;3492&#8243; img_size=&#8220;full&#8220;][vc_column_text]\n<h3>Josephine Linseisen,<br \/>\nOnline AdManagement<\/h3>\n<p>&#8222;<em>Ich kann meine Arbeitszeiten sehr flexibel auf die Bed\u00fcrfnisse meiner Familie abstimmen<\/em>&#8220;<\/p>\n<p>Ich habe bei Konradin eine kaufm\u00e4nnische Ausbildung zur Verlagskauffrau absolviert. <div class=\"su-spoiler su-spoiler-style-default su-spoiler-icon-plus su-spoiler-closed\" data-scroll-offset=\"0\" data-anchor-in-url=\"no\"><div class=\"su-spoiler-title\" tabindex=\"0\" role=\"button\"><span class=\"su-spoiler-icon\"><\/span>mehr<\/div><div class=\"su-spoiler-content su-u-clearfix su-u-trim\">Mit der Zeit aber gemerkt, dass ich mich sehr zur Technik hingezogen f\u00fchle. Toll war, dass ich im Verlag die Chance und volle Unterst\u00fctzung bekommen habe mich dahin weiter zu entwickeln. Heute betreue ich unter anderem die Bannerwerbung im Adserver.<br \/>\nIch habe meine Ausbildung vor vielen Jahren gemacht. Vor einigen Jahren wollte ich mich ver\u00e4ndern und habe einen \u201eAusflug\u201c in ein anderes Unternehmen gemacht. Das war eine wichtige Erfahrung f\u00fcr mich, allerdings als eine f\u00fcr mich interessante Stelle im Verlag ausgeschrieben war, bin ich sehr gerne zur\u00fcckgekehrt. Ich freue mich jeden Tag aufs Neue meine Kollegen zu sehen.<br \/>\nAls Mama sch\u00e4tze ich bei Konradin besonders, dass ich meine Arbeitszeiten sehr flexibel auf die Bed\u00fcrfnisse meiner Familie abstimmen kann.<br \/>\n<\/div><\/div>[\/vc_column_text][\/vc_column][\/vc_row][vc_row][vc_column][vc_empty_space height=&#8220;20px&#8220; el_class=&#8220;desktop&#8220;][\/vc_column][\/vc_row][vc_row][vc_column][vc_column_text css=&#8220;.vc_custom_1770282169720{margin-bottom: 15px !important;}&#8220;]\n<h4>Johanna Pimenta, Chefredakteurin md<\/h4>\n[\/vc_column_text][vc_column_text]\n<div style=\"width: 850px;\" class=\"wp-video\"><video class=\"wp-video-shortcode\" id=\"video-2718-3\" width=\"850\" height=\"500\" preload=\"metadata\" controls=\"controls\"><source type=\"video\/mp4\" src=\"https:\/\/konradin.de\/de\/wp-content\/uploads\/01B_Konradin_Pimenta_02_800-1.mp4?_=3\" \/><a href=\"https:\/\/konradin.de\/de\/wp-content\/uploads\/01B_Konradin_Pimenta_02_800-1.mp4\">https:\/\/konradin.de\/de\/wp-content\/uploads\/01B_Konradin_Pimenta_02_800-1.mp4<\/a><\/video><\/div>\n[\/vc_column_text][\/vc_column][\/vc_row][vc_row][vc_column][vc_empty_space height=&#8220;100px&#8220; el_class=&#8220;desktop&#8220;][\/vc_column][\/vc_row]\n<\/section>","protected":false},"excerpt":{"rendered":"<p>[vc_row][vc_column][vc_text_separator title=&#8220;Unsere Vielfalt&#8220; i_icon_fontawesome=&#8220;fa fa-chevron-circle-right&#8220; i_color=&#8220;custom&#8220; title_align=&#8220;separator_align_left&#8220; style=&#8220;dashed&#8220; border_width=&#8220;2&#8243; add_icon=&#8220;true&#8220; i_custom_color=&#8220;#3361ae&#8220;][\/vc_column][\/vc_row][vc_row][vc_column width=&#8220;1\/5&#8243;][vc_column_text css_animation=&#8220;none&#8220; el_class=&#8220;zahlen&#8220; css=&#8220;.vc_custom_1770282237821{margin-bottom: 0px !important;}&#8220;][\/vc_column_text][vc_column_text css_animation=&#8220;none&#8220; el_class=&#8220;zahlenwort&#8220;][\/vc_column_text][\/vc_column][vc_column width=&#8220;1\/5&#8243;][vc_column_text css_animation=&#8220;none&#8220; el_class=&#8220;zahlen&#8220; css=&#8220;.vc_custom_1557756829288{margin-bottom: 0px !important;}&#8220;][\/vc_column_text][vc_column_text css_animation=&#8220;none&#8220; el_class=&#8220;zahlenwort&#8220;][\/vc_column_text][\/vc_column][vc_column width=&#8220;2\/5&#8243;][vc_column_text el_class=&#8220;zahlen&#8220; css=&#8220;.vc_custom_1557757975977{margin-bottom: 0px !important;}&#8220;][\/vc_column_text][vc_column_text el_class=&#8220;zahlenwort&#8220;][\/vc_column_text][\/vc_column][\/vc_row][vc_row][vc_column][vc_empty_space][\/vc_column][\/vc_row][vc_row][vc_column][vc_column_text] Wissen steht f\u00fcr uns im Zentrum unseres Denkens und Handelns. Wir verstehen uns als versierte Fachcontent-Produzenten. Bei uns erwarten Sie professionelle Fachmedien [&hellip;]<\/p>\n","protected":false},"author":12,"featured_media":0,"parent":2708,"menu_order":0,"comment_status":"closed","ping_status":"closed","template":"","meta":[],"_links":{"self":[{"href":"https:\/\/www.konradin.de\/de\/wp-json\/wp\/v2\/pages\/2718"}],"collection":[{"href":"https:\/\/www.konradin.de\/de\/wp-json\/wp\/v2\/pages"}],"about":[{"href":"https:\/\/www.konradin.de\/de\/wp-json\/wp\/v2\/types\/page"}],"author":[{"embeddable":true,"href":"https:\/\/www.konradin.de\/de\/wp-json\/wp\/v2\/users\/12"}],"replies":[{"embeddable":true,"href":"https:\/\/www.konradin.de\/de\/wp-json\/wp\/v2\/comments?post=2718"}],"version-history":[{"count":369,"href":"https:\/\/www.konradin.de\/de\/wp-json\/wp\/v2\/pages\/2718\/revisions"}],"predecessor-version":[{"id":5675,"href":"https:\/\/www.konradin.de\/de\/wp-json\/wp\/v2\/pages\/2718\/revisions\/5675"}],"up":[{"embeddable":true,"href":"https:\/\/www.konradin.de\/de\/wp-json\/wp\/v2\/pages\/2708"}],"wp:attachment":[{"href":"https:\/\/www.konradin.de\/de\/wp-json\/wp\/v2\/media?parent=2718"}],"curies":[{"name":"wp","href":"https:\/\/api.w.org\/{rel}","templated":true}]}}