{"id":2869,"date":"2019-03-27T09:32:06","date_gmt":"2019-03-27T09:32:06","guid":{"rendered":"http:\/\/staging.konradin.datenkasten.de\/de\/?page_id=2869"},"modified":"2026-03-23T13:54:14","modified_gmt":"2026-03-23T13:54:14","slug":"unsere-benefits","status":"publish","type":"page","link":"https:\/\/www.konradin.de\/de\/karriere\/unsere-benefits\/","title":{"rendered":"Pluspunkte bei Konradin"},"content":{"rendered":"<section class=\"wpb-content-wrapper\">[vc_row][vc_column][vc_text_separator title=&#8220;Unsere Benefits&#8220; i_icon_fontawesome=&#8220;fa fa-chevron-circle-right&#8220; i_color=&#8220;custom&#8220; title_align=&#8220;separator_align_left&#8220; style=&#8220;dashed&#8220; add_icon=&#8220;true&#8220; i_custom_color=&#8220;#3361ae&#8220;][\/vc_column][\/vc_row][vc_row][vc_column][vc_column_text]Viele ganz unterschiedliche Bausteine tragen dazu bei, dass man bei Konradin am Arbeitsplatz gut aufgehoben ist und sich wohlf\u00fchlen kann.[\/vc_column_text][\/vc_column][\/vc_row][vc_row][vc_column width=&#8220;2\/3&#8243; el_class=&#8220;benefits&#8220;][vc_column_text]\n<div class=\"benefit\">\n<p><img decoding=\"async\" loading=\"lazy\" class=\"size-full wp-image-3317 alignleft\" src=\"http:\/\/konradin.de\/de\/wp-content\/uploads\/Konradin_Icons_Jahresgespraech.png\" alt=\"\" width=\"100\" height=\"100\" srcset=\"https:\/\/www.konradin.de\/de\/wp-content\/uploads\/Konradin_Icons_Jahresgespraech.png 207w, https:\/\/www.konradin.de\/de\/wp-content\/uploads\/Konradin_Icons_Jahresgespraech-150x150.png 150w, https:\/\/www.konradin.de\/de\/wp-content\/uploads\/Konradin_Icons_Jahresgespraech-50x50.png 50w\" sizes=\"(max-width: 100px) 100vw, 100px\" \/><\/p>\n<h3>Offene Kommunikation<\/h3>\n<p>Faire, offene Kommunikation f\u00fcr ein gutes Miteinander. Flache Hierarchien, eine positive Fehlerkultur und offene T\u00fcren f\u00fcr schnelle Entscheidungen.<\/p>\n<\/div>\n<div class=\"benefit\">\n<p><img decoding=\"async\" loading=\"lazy\" class=\"size-medium wp-image-3317 alignleft\" src=\"http:\/\/konradin.de\/de\/wp-content\/uploads\/Konradin_Icons_Jahresgespraech.png\" alt=\"\" width=\"100\" height=\"100\" srcset=\"https:\/\/www.konradin.de\/de\/wp-content\/uploads\/Konradin_Icons_Jahresgespraech.png 207w, https:\/\/www.konradin.de\/de\/wp-content\/uploads\/Konradin_Icons_Jahresgespraech-150x150.png 150w, https:\/\/www.konradin.de\/de\/wp-content\/uploads\/Konradin_Icons_Jahresgespraech-50x50.png 50w\" sizes=\"(max-width: 100px) 100vw, 100px\" \/><\/p>\n<h3>J\u00e4hrliche Mitarbeitergespr\u00e4che<\/h3>\n<p>Durch offenen Austausch entsteht Vertrauen zwischen F\u00fchrungskraft und Mitarbeiter\/in<\/p>\n<\/div>\n<div class=\"benefit\">\n<p><img decoding=\"async\" loading=\"lazy\" class=\"size-medium wp-image-3322 alignleft\" src=\"http:\/\/konradin.de\/de\/wp-content\/uploads\/Konradin_Icons_Weiterbildung.png\" alt=\"\" width=\"100\" height=\"100\" srcset=\"https:\/\/www.konradin.de\/de\/wp-content\/uploads\/Konradin_Icons_Weiterbildung.png 207w, https:\/\/www.konradin.de\/de\/wp-content\/uploads\/Konradin_Icons_Weiterbildung-150x150.png 150w, https:\/\/www.konradin.de\/de\/wp-content\/uploads\/Konradin_Icons_Weiterbildung-50x50.png 50w\" sizes=\"(max-width: 100px) 100vw, 100px\" \/><\/p>\n<h3>Weiterbildung<\/h3>\n<p>Ein j\u00e4hrlich neu aufgelegter Weiterbildungskatalog wird erg\u00e4nzt durch viele individuelle Ma\u00dfnahmen.<\/p>\n<\/div>\n<div class=\"benefit\">\n<p><img decoding=\"async\" loading=\"lazy\" class=\"size-medium wp-image-3313 alignleft\" src=\"http:\/\/konradin.de\/de\/wp-content\/uploads\/Konradin_Icons_Essenszulage.png\" alt=\"\" width=\"100\" height=\"100\" srcset=\"https:\/\/www.konradin.de\/de\/wp-content\/uploads\/Konradin_Icons_Essenszulage.png 207w, https:\/\/www.konradin.de\/de\/wp-content\/uploads\/Konradin_Icons_Essenszulage-150x150.png 150w, https:\/\/www.konradin.de\/de\/wp-content\/uploads\/Konradin_Icons_Essenszulage-50x50.png 50w\" sizes=\"(max-width: 100px) 100vw, 100px\" \/><\/p>\n<h3>Leistungsgerechte Verg\u00fctung<\/h3>\n<p>Leistungsgerechte Verg\u00fctung, die individuell verhandelbar und fair ist<\/p>\n<\/div>\n<div class=\"benefit\">\n<p><img decoding=\"async\" loading=\"lazy\" class=\"size-full wp-image-3308 alignleft\" src=\"http:\/\/konradin.de\/de\/wp-content\/uploads\/Konradin_Icons_Altersvorsorge.png\" alt=\"\" width=\"100\" height=\"100\" srcset=\"https:\/\/www.konradin.de\/de\/wp-content\/uploads\/Konradin_Icons_Altersvorsorge.png 207w, https:\/\/www.konradin.de\/de\/wp-content\/uploads\/Konradin_Icons_Altersvorsorge-150x150.png 150w, https:\/\/www.konradin.de\/de\/wp-content\/uploads\/Konradin_Icons_Altersvorsorge-50x50.png 50w\" sizes=\"(max-width: 100px) 100vw, 100px\" \/><\/p>\n<h3>Betriebliche Altersvorsorge<\/h3>\n<p>F\u00fcr alle, die heute schon an morgen denken.<\/p>\n<\/div>\n<div class=\"benefit\">\n<p><img decoding=\"async\" loading=\"lazy\" class=\"size-medium wp-image-3309 alignleft\" src=\"http:\/\/konradin.de\/de\/wp-content\/uploads\/Konradin_Icons_Arbeitszeiten.png\" alt=\"\" width=\"100\" height=\"100\" srcset=\"https:\/\/www.konradin.de\/de\/wp-content\/uploads\/Konradin_Icons_Arbeitszeiten.png 207w, https:\/\/www.konradin.de\/de\/wp-content\/uploads\/Konradin_Icons_Arbeitszeiten-150x150.png 150w, https:\/\/www.konradin.de\/de\/wp-content\/uploads\/Konradin_Icons_Arbeitszeiten-50x50.png 50w\" sizes=\"(max-width: 100px) 100vw, 100px\" \/><\/p>\n<h3>Flexible Arbeitszeiten<\/h3>\n<p>Zeiterfassung, Gleitzeit, mobiles Arbeiten und familiengerechte Teilzeitmodelle sind die Basis f\u00fcr unsere individuellen L\u00f6sungen.<\/p>\n<\/div>\n<div class=\"benefit\">\n<p><img decoding=\"async\" loading=\"lazy\" class=\"size-medium wp-image-3318 alignleft\" src=\"http:\/\/konradin.de\/de\/wp-content\/uploads\/Konradin_Icons_Kaffee.png\" alt=\"\" width=\"100\" height=\"100\" srcset=\"https:\/\/www.konradin.de\/de\/wp-content\/uploads\/Konradin_Icons_Kaffee.png 207w, https:\/\/www.konradin.de\/de\/wp-content\/uploads\/Konradin_Icons_Kaffee-150x150.png 150w, https:\/\/www.konradin.de\/de\/wp-content\/uploads\/Konradin_Icons_Kaffee-50x50.png 50w\" sizes=\"(max-width: 100px) 100vw, 100px\" \/><\/p>\n<h3>Kaffee<\/h3>\n<p>Kostenloser Kaffee im B\u00fcro<\/p>\n<\/div>\n<div class=\"benefit\">\n<p><img decoding=\"async\" loading=\"lazy\" class=\"size-medium wp-image-3320 alignleft\" src=\"http:\/\/konradin.de\/de\/wp-content\/uploads\/Konradin_Icons_Parkplatz.png\" alt=\"\" width=\"100\" height=\"100\" srcset=\"https:\/\/www.konradin.de\/de\/wp-content\/uploads\/Konradin_Icons_Parkplatz.png 207w, https:\/\/www.konradin.de\/de\/wp-content\/uploads\/Konradin_Icons_Parkplatz-150x150.png 150w, https:\/\/www.konradin.de\/de\/wp-content\/uploads\/Konradin_Icons_Parkplatz-50x50.png 50w\" sizes=\"(max-width: 100px) 100vw, 100px\" \/><\/p>\n<h3>Parkpl\u00e4tze<\/h3>\n<p>Sehr gute Erreichbarkeit, kostenfreies Parken<\/p>\n<\/div>\n<div class=\"benefit\">\n<p><img decoding=\"async\" loading=\"lazy\" class=\"size-full wp-image-3321 alignleft\" src=\"http:\/\/konradin.de\/de\/wp-content\/uploads\/Konradin_Icons_Verkehrsanbindung.png\" alt=\"\" width=\"100\" height=\"100\" srcset=\"https:\/\/www.konradin.de\/de\/wp-content\/uploads\/Konradin_Icons_Verkehrsanbindung.png 207w, https:\/\/www.konradin.de\/de\/wp-content\/uploads\/Konradin_Icons_Verkehrsanbindung-150x150.png 150w, https:\/\/www.konradin.de\/de\/wp-content\/uploads\/Konradin_Icons_Verkehrsanbindung-50x50.png 50w\" sizes=\"(max-width: 100px) 100vw, 100px\" \/><\/p>\n<h3>Sehr gute Verkehrsanbindung<\/h3>\n<p>Direkte Anbindung an S-Bahn und U-Bahn<\/p>\n<\/div>\n<style>.benefit { clear:both;overflow:hidden;margin-bottom:30px;width:90%; }<\/style>\n[\/vc_column_text][\/vc_column][vc_column width=&#8220;1\/3&#8243; el_class=&#8220;benefitsside&#8220; css=&#8220;.vc_custom_1556801033628{background-color: #f3f8fb !important;}&#8220;][vc_single_image image=&#8220;4442&#8243; img_size=&#8220;medium&#8220;][vc_column_text]<strong>Sandra Mack, Projektmanagerin Corporate Media Services<\/strong><\/p>\n<p style=\"text-align: center; color: #035592;\">&#8222;Das Besondere bei Konradin f\u00fcr mich ist, dass ich hier meine Kreativit\u00e4t wunderbar ausleben und weiterentwickeln kann.<br \/>\nAls Mama von zwei Kindern sch\u00e4tze ich nat\u00fcrlich sehr, dass wir hier ganz flexible Arbeitszeitmodelle haben.&#8220;<\/p>\n[\/vc_column_text][vc_empty_space height=&#8220;10px&#8220;][vc_separator][vc_single_image image=&#8220;3914&#8243; img_size=&#8220;medium&#8220;][vc_column_text]<strong>Marion Strau\u00df, Assistentin der Personalabteilung<\/strong><\/p>\n<p style=\"text-align: center; color: #035592;\">&#8222;Ich finde es toll, dass wir Mitarbeiter den Firmenfitness Tarif bei Top Sports erhalten. Bewegung ist ein super Ausgleich!&#8220;<\/p>\n<p><a href=\"\/de\/interview-mit-frau-strauss\/\" target=\"_blank\" rel=\"noopener noreferrer\">In diesem Interview<\/a> erfahren Sie mehr zu unserem Gesundheitsangebot und die Arbeit von Frau Strau\u00df.[\/vc_column_text][\/vc_column][\/vc_row][vc_row][vc_column][vc_column_text]\n<h2>Wir k\u00fcmmern uns<\/h2>\n<p>Die Arbeitswelt ver\u00e4ndert sich mit nie dagewesener Geschwindigkeit. Wir alle nehmen t\u00e4glich viele Informationen auf und verarbeiten diese. Mit Ver\u00e4nderungen besch\u00e4ftigen wir uns permanent. Um all diese Herausforderungen zu meistern und dabei gesund und fit zu bleiben, ist es wichtig, dass jeder Einzelne Aufmerksamkeit auf sein pers\u00f6nliches Gleichgewicht und seine Gesundheit richtet.<\/p>\n<p>Wir als Arbeitgeber nehmen das Thema ernst. Denn wenn es Ihnen gut geht, geht es auch uns gut. Um Sie dabei zu unterst\u00fctzen haben wir verschiedene Angebote.[\/vc_column_text][\/vc_column][\/vc_row][vc_row][vc_column width=&#8220;1\/2&#8243;][vc_column_text]<img decoding=\"async\" loading=\"lazy\" class=\"size-medium wp-image-3310 alignleft\" src=\"http:\/\/konradin.de\/de\/wp-content\/uploads\/Konradin_Icons_Betriebsarzt.png\" alt=\"\" width=\"100\" height=\"100\" srcset=\"https:\/\/www.konradin.de\/de\/wp-content\/uploads\/Konradin_Icons_Betriebsarzt.png 207w, https:\/\/www.konradin.de\/de\/wp-content\/uploads\/Konradin_Icons_Betriebsarzt-150x150.png 150w, https:\/\/www.konradin.de\/de\/wp-content\/uploads\/Konradin_Icons_Betriebsarzt-50x50.png 50w\" sizes=\"(max-width: 100px) 100vw, 100px\" \/><\/p>\n<h3>Betriebsarzt<\/h3>\n<p>Unser Betriebsarzt bietet regelm\u00e4\u00dfig seine Sprechstunde an<\/p>\n<p>&nbsp;<\/p>\n<p><img decoding=\"async\" class=\"size-full wp-image-3311 alignleft\" src=\"http:\/\/konradin.de\/de\/wp-content\/uploads\/Konradin_Icons_Betriebssport.png\" height=\"95\" \/><\/p>\n<h3>Entspannung in der Mittagspause<\/h3>\n<p>Eine kleine Auszeit, um den Kopf frei zu bekommen[\/vc_column_text][\/vc_column][vc_column width=&#8220;1\/2&#8243;][vc_row_inner][vc_column_inner][vc_column_text]<img decoding=\"async\" class=\" wp-image-3315 alignleft\" src=\"http:\/\/konradin.de\/de\/wp-content\/uploads\/Konradin_Icons_Fitness.png\" width=\"107\" \/><\/p>\n<h3>Firmenfitness bei Top Sports<\/h3>\n<p>\u201eEinfach besser trainieren\u201c bei unserem Kooperationspartner Top Sports<\/p>\n<p><img decoding=\"async\" class=\"size-full wp-image-3316 alignleft\" src=\"http:\/\/konradin.de\/de\/wp-content\/uploads\/Konradin_Icons_Gesundheitstag.png\" alt=\"\" width=\"100\" \/><\/p>\n<h3>Konradin Gesundheitstag<\/h3>\n<p>Viele spannende Themen, Vortr\u00e4ge, Anregungen kompakt an einem Tag<\/p>\n<p><img decoding=\"async\" class=\"size-full wp-image-3309 alignleft\" src=\"http:\/\/konradin.de\/de\/wp-content\/uploads\/Konradin_Icons_Arbeitszeiten.png\" alt=\"\" width=\"110\" srcset=\"https:\/\/www.konradin.de\/de\/wp-content\/uploads\/Konradin_Icons_Arbeitszeiten.png 207w, https:\/\/www.konradin.de\/de\/wp-content\/uploads\/Konradin_Icons_Arbeitszeiten-150x150.png 150w, https:\/\/www.konradin.de\/de\/wp-content\/uploads\/Konradin_Icons_Arbeitszeiten-50x50.png 50w\" sizes=\"(max-width: 207px) 100vw, 207px\" \/><\/p>\n<h3>Konradin Care<\/h3>\n<p>Viele ganz unterschiedliche Themen wie z.B. Kochkurse stehen auf dem Plan[\/vc_column_text][\/vc_column_inner][\/vc_row_inner][\/vc_column][\/vc_row][vc_row][vc_column][vc_single_image image=&#8220;3585&#8243; img_size=&#8220;full&#8220;][\/vc_column][\/vc_row][vc_row][vc_column][vc_column_text]\n[\/vc_column_text][\/vc_column][\/vc_row]\n<\/section>","protected":false},"excerpt":{"rendered":"<p>[vc_row][vc_column][vc_text_separator title=&#8220;Unsere Benefits&#8220; i_icon_fontawesome=&#8220;fa fa-chevron-circle-right&#8220; i_color=&#8220;custom&#8220; title_align=&#8220;separator_align_left&#8220; style=&#8220;dashed&#8220; add_icon=&#8220;true&#8220; i_custom_color=&#8220;#3361ae&#8220;][\/vc_column][\/vc_row][vc_row][vc_column][vc_column_text]Viele ganz unterschiedliche Bausteine tragen dazu bei, dass man bei Konradin am Arbeitsplatz gut aufgehoben ist und sich wohlf\u00fchlen kann.[\/vc_column_text][\/vc_column][\/vc_row][vc_row][vc_column width=&#8220;2\/3&#8243; el_class=&#8220;benefits&#8220;][vc_column_text] Offene Kommunikation Faire, offene Kommunikation f\u00fcr ein gutes Miteinander. Flache Hierarchien, eine positive Fehlerkultur und offene T\u00fcren f\u00fcr schnelle Entscheidungen. J\u00e4hrliche Mitarbeitergespr\u00e4che Durch offenen [&hellip;]<\/p>\n","protected":false},"author":12,"featured_media":0,"parent":2708,"menu_order":0,"comment_status":"closed","ping_status":"closed","template":"","meta":[],"_links":{"self":[{"href":"https:\/\/www.konradin.de\/de\/wp-json\/wp\/v2\/pages\/2869"}],"collection":[{"href":"https:\/\/www.konradin.de\/de\/wp-json\/wp\/v2\/pages"}],"about":[{"href":"https:\/\/www.konradin.de\/de\/wp-json\/wp\/v2\/types\/page"}],"author":[{"embeddable":true,"href":"https:\/\/www.konradin.de\/de\/wp-json\/wp\/v2\/users\/12"}],"replies":[{"embeddable":true,"href":"https:\/\/www.konradin.de\/de\/wp-json\/wp\/v2\/comments?post=2869"}],"version-history":[{"count":142,"href":"https:\/\/www.konradin.de\/de\/wp-json\/wp\/v2\/pages\/2869\/revisions"}],"predecessor-version":[{"id":5671,"href":"https:\/\/www.konradin.de\/de\/wp-json\/wp\/v2\/pages\/2869\/revisions\/5671"}],"up":[{"embeddable":true,"href":"https:\/\/www.konradin.de\/de\/wp-json\/wp\/v2\/pages\/2708"}],"wp:attachment":[{"href":"https:\/\/www.konradin.de\/de\/wp-json\/wp\/v2\/media?parent=2869"}],"curies":[{"name":"wp","href":"https:\/\/api.w.org\/{rel}","templated":true}]}}