{"id":3204,"date":"2019-02-14T12:23:02","date_gmt":"2019-02-14T12:23:02","guid":{"rendered":"http:\/\/staging.konradin.datenkasten.de\/de\/?page_id=3204"},"modified":"2026-03-23T13:48:44","modified_gmt":"2026-03-23T13:48:44","slug":"weiterentwicklung-bei-konradin","status":"publish","type":"page","link":"https:\/\/www.konradin.de\/de\/karriere\/weiterentwicklung-bei-konradin\/","title":{"rendered":"Weiterentwicklung bei Konradin"},"content":{"rendered":"<section class=\"wpb-content-wrapper\">[vc_row][vc_column][vc_text_separator title=&#8220;Unsere Zukunft&#8220; i_icon_fontawesome=&#8220;fa fa-chevron-circle-right&#8220; i_color=&#8220;custom&#8220; title_align=&#8220;separator_align_left&#8220; style=&#8220;dashed&#8220; border_width=&#8220;2&#8243; add_icon=&#8220;true&#8220; i_custom_color=&#8220;#3361ae&#8220;][\/vc_column][\/vc_row][vc_row][vc_column][vc_column_text]Wissen, fachliches Knowhow und pers\u00f6nliche Weiterentwicklung ist f\u00fcr die Mediengruppe ganz entscheidend, um dauerhaft erfolgreich zu sein.<\/p>\n<p>In einer Zeit fortschreitender Digitalisierung, vielf\u00e4ltiger Online-Themen und permanenten Wandel m\u00f6chten wir unsere Mitarbeiter fordern, f\u00f6rdern und damit in ihrer Entwicklung sowie auf ihrem individuellen Berufsweg partnerschaftlich begleiten.<\/p>\n<h4 style=\"font-weight: 550;\">Der Verlag qualifiziert seine Mitarbeiterinnen und Mitarbeiter auf ganz unterschiedlichen Wegen.<\/h4>\n<p>Wichtig bei allen Entwicklungsma\u00dfnahmen ist uns, dass jede*r Mitarbeiter*in gemeinsam mit der F\u00fchrungskraft individuelle L\u00f6sungen findet, die passgenau den Bedarf abdecken. Um alle Mitarbeiter*innen bereits im Vorfeld zu unterst\u00fctzen, bieten wir zudem einen j\u00e4hrlich neu aufgelegten Weiterbildungskatalog an, der ganz unterschiedliche Themen ber\u00fchrt.[\/vc_column_text][vc_empty_space height=&#8220;40px&#8220;][\/vc_column][\/vc_row][vc_row][vc_column][vc_column_text]\n<h2>Im Fokus unserer Weiterbildungsangebote stehen die Bereiche:<\/h2>\n[\/vc_column_text][\/vc_column][\/vc_row][vc_row][vc_column][vc_single_image image=&#8220;3330&#8243; img_size=&#8220;full&#8220; el_class=&#8220;desktop&#8220;][\/vc_column][\/vc_row][vc_row][vc_column][vc_single_image image=&#8220;3337&#8243; img_size=&#8220;full&#8220; el_class=&#8220;mobile&#8220;][\/vc_column][\/vc_row][vc_row][vc_column][vc_empty_space height=&#8220;40px&#8220;][\/vc_column][\/vc_row][vc_row][vc_column][vc_column_text]\n<h2>Berufliche Perspektive im Verkauf<\/h2>\n[\/vc_column_text][\/vc_column][\/vc_row][vc_row][vc_column][vc_single_image image=&#8220;4421&#8243; img_size=&#8220;full&#8220; el_class=&#8220;desktop&#8220;][vc_column_text el_class=&#8220;mobile&#8220;]<em>\u201eKonradin bietet ambitioniertem Nachwuchs und Profis Chancen im Verkauf\u201c<br \/>\n<\/em>&#8211;<strong>Marei R\u00f6ding<\/strong>, Verlagsleiterin<strong>&#8211;<\/strong>[\/vc_column_text][vc_single_image image=&#8220;3667&#8243; img_size=&#8220;full&#8220; el_class=&#8220;mobile&#8220;][\/vc_column][\/vc_row][vc_row][vc_column][vc_column_text]&#8220;Neben allen Aufgaben rund um unsere Medienmarken konzipieren und erstellen wir f\u00fcr unsere Kunden eigene Medien, ob gedruckt auf Papier oder digital. Wir f\u00fchren f\u00fcr unsere Kunden Veranstaltungen und Reisen durch. Wir beraten sie, wie sie ihre Zielgruppen erreichen und ansprechen k\u00f6nnen. Das sind immer wieder neue, spannende und herausfordernde Projekte. Dazu brauchen wir Mitarbeiter*innen mit Fachkenntnissen, Kommunikations- und Organisationstalent. W\u00e4re das auch was f\u00fcr Sie?<\/p>\n<p>Bei Konradin erleben wir durch die Vielzahl unserer Medienmarken eine immense Themenbreite. Und so reichhaltig und bunt das ist, so sind auch wir Kollegen*innen: eine bunte Mischung aus unterschiedlichen F\u00e4higkeiten und Ausbildungen, mit Leidenschaft f\u00fcr Architektur oder Fahrzeuglackierung, mit tiefstem Fachwissen \u00fcber schwarze L\u00f6cher und wei\u00dfen Wandputz, hier treffen sich Kreative und Zahlenjongleure: <strong>Eine Arbeitswelt ohne lange Entscheidungsprozesse, ohne ewige Hierarchiestufen, daf\u00fcr mit viel Gestaltungsfreiheit.&#8220;<\/strong>[\/vc_column_text][\/vc_column][\/vc_row][vc_row][vc_column][vc_empty_space height=&#8220;40px&#8220;][\/vc_column][\/vc_row][vc_row][vc_column][vc_empty_space height=&#8220;60px&#8220;][\/vc_column][\/vc_row][vc_row][vc_column][vc_column_text]\n<h2>Das sind wir<\/h2>\n[\/vc_column_text][\/vc_column][\/vc_row][vc_row][vc_column width=&#8220;1\/2&#8243;][vc_single_image image=&#8220;3696&#8243; img_size=&#8220;full&#8220; el_class=&#8220;bild-rund&#8220;][vc_column_text]<strong>Stefan Tuda,<\/strong><br \/>\n<strong>Leiter Onlineabteilung<br \/>\n<\/strong><em>&#8222;Bei Konradin gibt es viel Dynamik, das macht die Arbeit abwechslungsreich und spannend&#8220;<\/em><\/p>\n<p>Seit 2007 arbeite ich bei Konradin an digitalen Themen.<br \/>\nDie Herausforderungen f\u00fcr Online-Auftritte und -Projekte haben sich seither enorm weiterentwickelt. Diese Dynamik macht die Arbeit abwechslungsreich und spannend. Wir m\u00fcssen und d\u00fcrfen uns immer wieder schnell in neuen Aufgaben orientieren und L\u00f6sungen entwickeln.<br \/>\nBei Konradin habe ich immer wieder die Gelegenheit, Talente kennenzulernen, mich zu beweisen\u00a0 und stolz darauf zu sein, was meine Mannschaft alles hinbekommt und gemeinsam stemmt.[\/vc_column_text][\/vc_column][\/vc_row][vc_row disable_element=&#8220;yes&#8220;][vc_column width=&#8220;1\/2&#8243;][vc_single_image image=&#8220;3820&#8243; img_size=&#8220;full&#8220; el_class=&#8220;bild-rund&#8220;][vc_column_text]<strong>Tobias Fachet,<\/strong><br \/>\n<strong>Fachkraft IT<br \/>\n<\/strong><em>&#8222;Schon w\u00e4hrend meiner Ausbildung durfte ich ein gro\u00dfes und wichtiges Projekt selbst\u00e4ndig steuern&#8220;<\/em><\/p>\n<p>2016 habe ich meine Ausbildung zum Fachinformatiker System Integration bei Konradin erfolgreich abgeschlossen. Die Zeit der Ausbildung war toll. Besonders stolz war ich dabei auf meine Abschlussarbeit. Das Thema war Erneuerung und Ausbau des WLANs. Ein gro\u00dfes und wichtiges Projekt f\u00fcr Konradin, das ich selbst\u00e4ndig gesteuert habe.<br \/>\n<div class=\"su-spoiler su-spoiler-style-default su-spoiler-icon-plus su-spoiler-closed\" data-scroll-offset=\"0\" data-anchor-in-url=\"no\"><div class=\"su-spoiler-title\" tabindex=\"0\" role=\"button\"><span class=\"su-spoiler-icon\"><\/span>mehr<\/div><div class=\"su-spoiler-content su-u-clearfix su-u-trim\">Mit meiner Festanstellung habe ich dann Zust\u00e4ndigkeiten im Bereich Server, Netzwerke, Support und Konzeption von Schulungen \u00fcbertragen bekommen. Ich finde meine T\u00e4tigkeit sehr spannend, da es immer wieder neue Themen und Herausforderungen gibt. Dabei habe ich in meiner Abteilung Freir\u00e4ume, aber auch Unterst\u00fctzung, wenn ich sie brauche.<\/div><\/div>[\/vc_column_text][\/vc_column][vc_column width=&#8220;1\/2&#8243;][vc_single_image image=&#8220;3696&#8243; img_size=&#8220;full&#8220; el_class=&#8220;bild-rund&#8220;][vc_column_text]<strong>Stefan Tuda,<\/strong><br \/>\n<strong>Leiter Onlineabteilung<br \/>\n<\/strong><em>&#8222;Bei Konradin gibt es viel Dynamik, das macht die Arbeit abwechslungsreich und spannend&#8220;<\/em><\/p>\n<p>Seit 2007 arbeite ich bei Konradin an digitalen Themen.<br \/>\nDie Herausforderungen f\u00fcr Online-Auftritte und -Projekte haben sich seither enorm weiterentwickelt. Diese Dynamik macht die Arbeit abwechslungsreich und spannend. Wir m\u00fcssen und d\u00fcrfen uns immer wieder schnell in neuen Aufgaben orientieren und L\u00f6sungen entwickeln.<br \/>\nBei Konradin habe ich immer wieder die Gelegenheit, Talente kennenzulernen, mich zu beweisen\u00a0 und stolz darauf zu sein, was meine Mannschaft alles hinbekommt und gemeinsam stemmt.[\/vc_column_text][\/vc_column][\/vc_row]\n<\/section>","protected":false},"excerpt":{"rendered":"<p>[vc_row][vc_column][vc_text_separator title=&#8220;Unsere Zukunft&#8220; i_icon_fontawesome=&#8220;fa fa-chevron-circle-right&#8220; i_color=&#8220;custom&#8220; title_align=&#8220;separator_align_left&#8220; style=&#8220;dashed&#8220; border_width=&#8220;2&#8243; add_icon=&#8220;true&#8220; i_custom_color=&#8220;#3361ae&#8220;][\/vc_column][\/vc_row][vc_row][vc_column][vc_column_text]Wissen, fachliches Knowhow und pers\u00f6nliche Weiterentwicklung ist f\u00fcr die Mediengruppe ganz entscheidend, um dauerhaft erfolgreich zu sein. In einer Zeit fortschreitender Digitalisierung, vielf\u00e4ltiger Online-Themen und permanenten Wandel m\u00f6chten wir unsere Mitarbeiter fordern, f\u00f6rdern und damit in ihrer Entwicklung sowie auf ihrem individuellen Berufsweg partnerschaftlich begleiten. [&hellip;]<\/p>\n","protected":false},"author":12,"featured_media":0,"parent":2708,"menu_order":0,"comment_status":"closed","ping_status":"closed","template":"","meta":[],"_links":{"self":[{"href":"https:\/\/www.konradin.de\/de\/wp-json\/wp\/v2\/pages\/3204"}],"collection":[{"href":"https:\/\/www.konradin.de\/de\/wp-json\/wp\/v2\/pages"}],"about":[{"href":"https:\/\/www.konradin.de\/de\/wp-json\/wp\/v2\/types\/page"}],"author":[{"embeddable":true,"href":"https:\/\/www.konradin.de\/de\/wp-json\/wp\/v2\/users\/12"}],"replies":[{"embeddable":true,"href":"https:\/\/www.konradin.de\/de\/wp-json\/wp\/v2\/comments?post=3204"}],"version-history":[{"count":121,"href":"https:\/\/www.konradin.de\/de\/wp-json\/wp\/v2\/pages\/3204\/revisions"}],"predecessor-version":[{"id":5669,"href":"https:\/\/www.konradin.de\/de\/wp-json\/wp\/v2\/pages\/3204\/revisions\/5669"}],"up":[{"embeddable":true,"href":"https:\/\/www.konradin.de\/de\/wp-json\/wp\/v2\/pages\/2708"}],"wp:attachment":[{"href":"https:\/\/www.konradin.de\/de\/wp-json\/wp\/v2\/media?parent=3204"}],"curies":[{"name":"wp","href":"https:\/\/api.w.org\/{rel}","templated":true}]}}