{"id":330,"date":"2015-09-23T11:28:37","date_gmt":"2015-09-23T11:28:37","guid":{"rendered":"http:\/\/www.konradin.datenkasten.de\/de\/?page_id=330"},"modified":"2026-03-19T15:49:09","modified_gmt":"2026-03-19T15:49:09","slug":"events","status":"publish","type":"page","link":"https:\/\/www.konradin.de\/de\/dienstleistungen\/events\/","title":{"rendered":"Fachevents mit Konradin"},"content":{"rendered":"<p>Unsere Kompetenz liegt in der Konzeption und Umsetzung von <strong>Fachevents<\/strong> in unseren Bereichen Architektur, Industrie, Handwerk, Augenoptik, Genuss und Wissen. Unabh\u00e4ngig davon, ob als Verlags- oder als kundenindividuelle Veranstaltung, schaffen wir ideale Gelegenheiten f\u00fcr Wissenstransfer, fachlichen Austausch und pers\u00f6nliche Kontakte.<\/p>\n<p><strong>Unsere Fachredaktionen <\/strong>konzipieren Events zu aktuellen Themen ihrer Branchen oder kooperieren mit anderen Marktteilnehmern zur Realisierung spezieller Veranstaltungsformate. Sie verantworten dabei die inhaltliche Qualit\u00e4t und \u00fcbernehmen Aufgaben wie die Moderation vor Ort. Anbieter k\u00f6nnen sich im Rahmen von Sponsoringpaketen beteiligen.<\/p>\n","protected":false},"excerpt":{"rendered":"<p>Unsere Kompetenz liegt in der Konzeption und Umsetzung von Fachevents in unseren Bereichen Architektur, Industrie, Handwerk, Augenoptik, Genuss und Wissen. Unabh\u00e4ngig davon, ob als Verlags- oder als kundenindividuelle Veranstaltung, schaffen wir ideale Gelegenheiten f\u00fcr Wissenstransfer, fachlichen Austausch und pers\u00f6nliche Kontakte. Unsere Fachredaktionen konzipieren Events zu aktuellen Themen ihrer Branchen oder kooperieren mit anderen Marktteilnehmern zur [&hellip;]<\/p>\n","protected":false},"author":3,"featured_media":640,"parent":6,"menu_order":0,"comment_status":"closed","ping_status":"closed","template":"pages\/template-dienstleistung.php","meta":[],"_links":{"self":[{"href":"https:\/\/www.konradin.de\/de\/wp-json\/wp\/v2\/pages\/330"}],"collection":[{"href":"https:\/\/www.konradin.de\/de\/wp-json\/wp\/v2\/pages"}],"about":[{"href":"https:\/\/www.konradin.de\/de\/wp-json\/wp\/v2\/types\/page"}],"author":[{"embeddable":true,"href":"https:\/\/www.konradin.de\/de\/wp-json\/wp\/v2\/users\/3"}],"replies":[{"embeddable":true,"href":"https:\/\/www.konradin.de\/de\/wp-json\/wp\/v2\/comments?post=330"}],"version-history":[{"count":43,"href":"https:\/\/www.konradin.de\/de\/wp-json\/wp\/v2\/pages\/330\/revisions"}],"predecessor-version":[{"id":5663,"href":"https:\/\/www.konradin.de\/de\/wp-json\/wp\/v2\/pages\/330\/revisions\/5663"}],"up":[{"embeddable":true,"href":"https:\/\/www.konradin.de\/de\/wp-json\/wp\/v2\/pages\/6"}],"wp:featuredmedia":[{"embeddable":true,"href":"https:\/\/www.konradin.de\/de\/wp-json\/wp\/v2\/media\/640"}],"wp:attachment":[{"href":"https:\/\/www.konradin.de\/de\/wp-json\/wp\/v2\/media?parent=330"}],"curies":[{"name":"wp","href":"https:\/\/api.w.org\/{rel}","templated":true}]}}