{"id":3675,"date":"2019-04-12T11:13:18","date_gmt":"2019-04-12T11:13:18","guid":{"rendered":"http:\/\/staging.konradin.datenkasten.de\/de\/?page_id=3675"},"modified":"2026-03-23T13:46:03","modified_gmt":"2026-03-23T13:46:03","slug":"stellenanzeigen","status":"publish","type":"page","link":"https:\/\/www.konradin.de\/de\/karriere\/stellenanzeigen\/","title":{"rendered":"Stellenanzeigen"},"content":{"rendered":"<section class=\"wpb-content-wrapper\">[vc_row][vc_column][vc_text_separator title=&#8220;Wir suchen Sie&#8220; i_icon_fontawesome=&#8220;fa fa-chevron-circle-right&#8220; i_color=&#8220;custom&#8220; title_align=&#8220;separator_align_left&#8220; style=&#8220;dotted&#8220; add_icon=&#8220;true&#8220; i_custom_color=&#8220;#3361ae&#8220;][\/vc_column][\/vc_row][vc_row][vc_column][vc_column_text el_class=&#8220;stellen&#8220;]\t\t\t\t\t\t\t\t<ul>\r\n\t\t\t\t\t\t\t\t\t\t\t\t\t\t\t\t<li><a href=\"https:\/\/www.konradin.de\/de\/stellenangebot\/redakteur-m-w-d-fuer-das-ressort-technik\/\"\r\n\t\t\t\t\t\t\t\t\ttarget=\"_self\">Redakteur (m\/w\/d) f\u00fcr das Ressort Technik <span class=\"icon-external-link\"><\/span><\/a><\/li>\r\n\t\t\t\t\t\t\t\t\t\t\t\t\t\t\t\t<li><a href=\"https:\/\/www.konradin.de\/de\/stellenangebot\/redaktionspraktikum\/\"\r\n\t\t\t\t\t\t\t\t\ttarget=\"_self\">Redaktionspraktikum <span class=\"icon-external-link\"><\/span><\/a><\/li>\r\n\t\t\t\t\t\t\t\t\t\t\t\t\t\t\t\t<li><a href=\"https:\/\/www.konradin.de\/de\/stellenangebot\/redaktions-praktikum\/\"\r\n\t\t\t\t\t\t\t\t\ttarget=\"_self\">Redaktions-Praktikum <span class=\"icon-external-link\"><\/span><\/a><\/li>\r\n\t\t\t\t\t\t\t\t\t\t\t\t\t\t\t\t<\/ul>\r\n\t\t\t\t\t\t\t\t[\/vc_column_text][\/vc_column][\/vc_row][vc_row][vc_column][vc_empty_space][\/vc_column][\/vc_row][vc_row][vc_column css=&#8220;.vc_custom_1558961294733{background-color: #f3f8fb !important;}&#8220;][vc_column_text el_class=&#8220;kontakt&#8220;]\n<h4>Es ist eine interessante Stelle f\u00fcr Sie dabei?<\/h4>\n<p>Wir freuen uns \u00fcber Ihre Bewerbung unter <a href=\"mailto:bewerbung@konradin.de\"><strong>bewerbung@konradin.de<\/strong><\/a><\/p>\n<h4>Sie interessieren sich f\u00fcr einen bestimmten Bereich, finden aber kein passendes Stellenangebot?<\/h4>\n<p>Wir freuen uns \u00fcber Ihre Initiativbewerbung unter <a href=\"mailto:bewerbung@konradin.de\"><strong>bewerbung@konradin.de<\/strong><\/a><\/p>\n<p>F\u00fcr alle Fragen rund ums Bewerben bei Konradin steht Ihnen unser Team jederzeit sehr gerne zur Verf\u00fcgung.[\/vc_column_text][\/vc_column][\/vc_row][vc_row][vc_column][vc_empty_space][\/vc_column][\/vc_row][vc_row][vc_column width=&#8220;1\/2&#8243;][vc_column_text]\n<h4>Das ist unser Team<\/h4>\n<p><strong>Susan Kunze<\/strong>, Personalleiterin[\/vc_column_text][\/vc_column][vc_column width=&#8220;1\/2&#8243;][vc_column_text]\n<h4>Kontakt<\/h4>\n<p>Konradin Mediengruppe<br \/>\nPersonalabteilung<br \/>\nErnst-Mey-Str. 8<br \/>\n70771 Leinfelden-Echterdingen[\/vc_column_text][\/vc_column][\/vc_row][vc_row][vc_column][vc_empty_space][\/vc_column][\/vc_row][vc_row][vc_column css=&#8220;.vc_custom_1558961294733{background-color: #f3f8fb !important;}&#8220;][vc_column_text el_class=&#8220;kontakt&#8220;]\n<p data-renderer-start-pos=\"215\">Der Schutz Ihrer pers\u00f6nlichen Daten ist uns ein \u00fcberaus wichtiges Anliegen und unterliegt den aktuellen Sicherheitsstandards. Unsere Datenschutzerkl\u00e4rung, die Sie \u00fcber den nachfolgenden Link abrufen k\u00f6nnen, liefert Ihnen hierzu die Details.<\/p>\n<p data-renderer-start-pos=\"542\">F\u00fcr alle Unternehmen der Konradin Mediengruppe: <a href=\"https:\/\/www.konradin.de\/de\/wp-content\/uploads\/KMG_Datenschutz-Info-Bewerber_innen.pdf\" target=\"_blank\" rel=\"noopener\">KMG Datenschutz-Info Bewerber\/-innen<\/a><\/p>\n[\/vc_column_text][\/vc_column][\/vc_row]\n<\/section>\n\n<div class=\"su-row\"><div class=\"su-column su-column-size-3-5\"><div class=\"su-column-inner su-u-clearfix su-u-trim\"><a href=\"https:\/\/www.konradin.de\/de\/wp-content\/uploads\/BDW_Redaktionspraktikum.pdf\" class=\"pdfemb-viewer\" style=\"width: 600px; \" data-width=\"600\" data-height=\"max\" data-mobile-width=\"500\"  data-scrollbar=\"none\" data-download=\"on\" data-tracking=\"on\" data-newwindow=\"on\" data-pagetextbox=\"off\" data-scrolltotop=\"off\" data-startzoom=\"100\" data-startfpzoom=\"100\" data-toolbar=\"bottom\" data-toolbar-fixed=\"on\">BDW_Redaktionspraktikum<br\/><\/a><br\/><br\/><\/div><\/div><div class=\"su-column su-column-size-2-5\"><div class=\"su-column-inner su-u-clearfix su-u-trim\"><a href='https:\/\/www.konradin.de\/de\/wp-content\/uploads\/BDW_Redaktionspraktikum.pdf' target='_blank'>&raquo; PDF zur Stellenanzeige &laquo;<\/a><br\/><br\/>Bitte schicken Sie Ihre Bewerbungsunterlagen per E-Mail (pdf-Dateien) an:\r<br\/><strong>Konradin Mediengruppe<\/strong>\r<br\/>Personalabteilung, Susan Kunze\r<br\/>Ernst-Mey-Stra\u00dfe 8, 70771 Leinfelden-Echterdingen\r<br\/>Phone +49 711 7594-707\r<br\/><a href=\"mailto:bewerbung@konradin.de\">bewerbung@konradin.de<\/a><\/div><\/div><\/div>    <script>\r\n        jQuery(document).ready(function(){\r\n            var width = jQuery('#objFile').width();\r\n            var height =3*width\/2;\r\n            jQuery('#objFile').css(\"height\",  height + \"px\");\r\n            console.log(width +\" \/ \" + height);\r\n        });\r\n    <\/script>\r\n    ","protected":false},"excerpt":{"rendered":"<p>[vc_row][vc_column][vc_text_separator title=&#8220;Wir suchen Sie&#8220; i_icon_fontawesome=&#8220;fa fa-chevron-circle-right&#8220; i_color=&#8220;custom&#8220; title_align=&#8220;separator_align_left&#8220; style=&#8220;dotted&#8220; add_icon=&#8220;true&#8220; i_custom_color=&#8220;#3361ae&#8220;][\/vc_column][\/vc_row][vc_row][vc_column][vc_column_text el_class=&#8220;stellen&#8220;][\/vc_column_text][\/vc_column][\/vc_row][vc_row][vc_column][vc_empty_space][\/vc_column][\/vc_row][vc_row][vc_column css=&#8220;.vc_custom_1558961294733{background-color: #f3f8fb !important;}&#8220;][vc_column_text el_class=&#8220;kontakt&#8220;] Es ist eine interessante Stelle f\u00fcr Sie dabei? Wir freuen uns \u00fcber Ihre Bewerbung unter bewerbung@konradin.de Sie interessieren sich f\u00fcr einen bestimmten Bereich, finden aber kein passendes Stellenangebot? Wir freuen uns \u00fcber Ihre Initiativbewerbung unter bewerbung@konradin.de F\u00fcr alle Fragen [&hellip;]<\/p>\n","protected":false},"author":12,"featured_media":0,"parent":2708,"menu_order":0,"comment_status":"closed","ping_status":"closed","template":"","meta":[],"_links":{"self":[{"href":"https:\/\/www.konradin.de\/de\/wp-json\/wp\/v2\/pages\/3675"}],"collection":[{"href":"https:\/\/www.konradin.de\/de\/wp-json\/wp\/v2\/pages"}],"about":[{"href":"https:\/\/www.konradin.de\/de\/wp-json\/wp\/v2\/types\/page"}],"author":[{"embeddable":true,"href":"https:\/\/www.konradin.de\/de\/wp-json\/wp\/v2\/users\/12"}],"replies":[{"embeddable":true,"href":"https:\/\/www.konradin.de\/de\/wp-json\/wp\/v2\/comments?post=3675"}],"version-history":[{"count":38,"href":"https:\/\/www.konradin.de\/de\/wp-json\/wp\/v2\/pages\/3675\/revisions"}],"predecessor-version":[{"id":5667,"href":"https:\/\/www.konradin.de\/de\/wp-json\/wp\/v2\/pages\/3675\/revisions\/5667"}],"up":[{"embeddable":true,"href":"https:\/\/www.konradin.de\/de\/wp-json\/wp\/v2\/pages\/2708"}],"wp:attachment":[{"href":"https:\/\/www.konradin.de\/de\/wp-json\/wp\/v2\/media?parent=3675"}],"curies":[{"name":"wp","href":"https:\/\/api.w.org\/{rel}","templated":true}]}}