{"id":37,"date":"2015-08-11T10:49:18","date_gmt":"2015-08-11T10:49:18","guid":{"rendered":"http:\/\/de.konradin.se.intra.ev-ma.net\/?page_id=37"},"modified":"2026-03-11T09:05:36","modified_gmt":"2026-03-11T09:05:36","slug":"start","status":"publish","type":"page","link":"https:\/\/www.konradin.de\/de\/","title":{"rendered":"Konradin<span>informiert und inspiriert<\/span>"},"content":{"rendered":"<p>Die Konradin Mediengruppe geh\u00f6rt mit 220 Mitarbeitern zu den gr\u00f6\u00dften Anbietern von Fachinformationen im deutschsprachigen Raum. Das Portfolio des 1929 von Robert Kohlhammer gegr\u00fcndeten Unternehmens umfasst eine Vielzahl an Fachmedien, Wissensmagazinen, Online-Portalen und Fachveranstaltungen. Erg\u00e4nzt wird das Medienangebot durch Dienstleistungen wie Corporate Publishing.<\/p>\n","protected":false},"excerpt":{"rendered":"<p>Die Konradin Mediengruppe geh\u00f6rt mit 220 Mitarbeitern zu den gr\u00f6\u00dften Anbietern von Fachinformationen im deutschsprachigen Raum. Das Portfolio des 1929 von Robert Kohlhammer gegr\u00fcndeten Unternehmens umfasst eine Vielzahl an Fachmedien, Wissensmagazinen, Online-Portalen und Fachveranstaltungen. Erg\u00e4nzt wird das Medienangebot durch Dienstleistungen wie Corporate Publishing.<\/p>\n","protected":false},"author":1,"featured_media":1171,"parent":0,"menu_order":0,"comment_status":"closed","ping_status":"closed","template":"pages\/template-home.php","meta":[],"_links":{"self":[{"href":"https:\/\/www.konradin.de\/de\/wp-json\/wp\/v2\/pages\/37"}],"collection":[{"href":"https:\/\/www.konradin.de\/de\/wp-json\/wp\/v2\/pages"}],"about":[{"href":"https:\/\/www.konradin.de\/de\/wp-json\/wp\/v2\/types\/page"}],"author":[{"embeddable":true,"href":"https:\/\/www.konradin.de\/de\/wp-json\/wp\/v2\/users\/1"}],"replies":[{"embeddable":true,"href":"https:\/\/www.konradin.de\/de\/wp-json\/wp\/v2\/comments?post=37"}],"version-history":[{"count":118,"href":"https:\/\/www.konradin.de\/de\/wp-json\/wp\/v2\/pages\/37\/revisions"}],"predecessor-version":[{"id":5633,"href":"https:\/\/www.konradin.de\/de\/wp-json\/wp\/v2\/pages\/37\/revisions\/5633"}],"wp:featuredmedia":[{"embeddable":true,"href":"https:\/\/www.konradin.de\/de\/wp-json\/wp\/v2\/media\/1171"}],"wp:attachment":[{"href":"https:\/\/www.konradin.de\/de\/wp-json\/wp\/v2\/media?parent=37"}],"curies":[{"name":"wp","href":"https:\/\/api.w.org\/{rel}","templated":true}]}}