{"id":3721,"date":"2019-04-23T08:28:32","date_gmt":"2019-04-23T08:28:32","guid":{"rendered":"http:\/\/staging.konradin.datenkasten.de\/de\/?page_id=3721"},"modified":"2026-03-23T14:14:59","modified_gmt":"2026-03-23T14:14:59","slug":"ausbildung","status":"publish","type":"page","link":"https:\/\/www.konradin.de\/de\/karriere\/ausbildung\/","title":{"rendered":"Ausbildung"},"content":{"rendered":"<section class=\"wpb-content-wrapper\">[vc_row][vc_column][vc_column_text]\u00a0[\/vc_column_text][\/vc_column][\/vc_row][vc_row][vc_column][vc_text_separator title=&#8220;Unser Angebot&#8220; i_icon_fontawesome=&#8220;fa fa-chevron-circle-right&#8220; i_color=&#8220;custom&#8220; title_align=&#8220;separator_align_left&#8220; style=&#8220;dashed&#8220; add_icon=&#8220;true&#8220; i_custom_color=&#8220;#3361ae&#8220;][\/vc_column][\/vc_row][vc_row][vc_column width=&#8220;5\/6&#8243;][vc_column_text]Die Azubis von heute sind unsere Fach- und F\u00fchrungskr\u00e4fte von morgen.<\/p>\n<p>Sie k\u00f6nnen sich auf uns verlassen! Die Ausbildung bei Konradin ist fundiert, vielf\u00e4ltig, modern und spannend. Als Auszubildender erhalten Sie ein breites Fundament, das viele Wege f\u00fcr Ihre berufliche Entwicklung offenh\u00e4lt.<\/p>\n<p>Wir begeistern Sie damit, dass wir uns k\u00fcmmern. Wir sehen jeden Azubi individuell in seinen ganz pers\u00f6nlichen St\u00e4rken, die wir f\u00f6rdern und gemeinsam weiterentwickeln.<\/p>\n<p>Sie begeistern uns mit Ihrem Interesse, mit Engagement, mit Ihrem Mut Dinge anzupacken und Teamgeist.[\/vc_column_text][\/vc_column][vc_column width=&#8220;1\/6&#8243;][vc_single_image image=&#8220;4069&#8243; img_size=&#8220;medium&#8220; el_class=&#8220;ihk&#8220;][\/vc_column][\/vc_row][vc_row][vc_column][vc_empty_space height=&#8220;40px&#8220; el_class=&#8220;desktop&#8220;][\/vc_column][\/vc_row][vc_row][vc_column][vc_empty_space height=&#8220;20px&#8220; el_class=&#8220;mobile&#8220;][\/vc_column][\/vc_row][vc_row][vc_column][vc_column_text]\n<h2>Unser Ausbildungsgang<\/h2>\n<h4>Medienkauffrau \/ Medienkaufmann Digital und Print<\/h4>\n<p>Azubis im kaufm\u00e4nnischen Bereich durchlaufen dabei ganz verschiedene Bereiche innerhalb der Mediengruppe. Sie machen z.B. Station im Marketing, im Vertrieb, in der Redaktion, in der Buchhaltung, im Verkauf, in der Personalabteilung und vielen weiteren Abteilungen.<\/p>\n<p>Durch \u201elearning by doing\u201c werden Sie mit ins Tagesgesch\u00e4ft eingebunden und k\u00f6nnen nach der Einarbeitung Themen selbstst\u00e4ndig \u00fcbernehmen.<\/p>\n<p><a href=\"\/de\/wp-content\/uploads\/Flyer_Medienkaufmann.pdf\">Die wichtigsten Fakten zum Ausbildungsgang finden Sie hier<\/a>[\/vc_column_text][\/vc_column][\/vc_row][vc_row disable_element=&#8220;yes&#8220;][vc_column width=&#8220;1\/4&#8243;][vc_single_image image=&#8220;4430&#8243; img_size=&#8220;medium&#8220;][\/vc_column][vc_column width=&#8220;3\/4&#8243;][vc_column_text el_class=&#8220;desktop&#8220;]\n<p>Ansprechpartnerin: <strong>Barbara Breuning, Ausbilderin f\u00fcr Medienkaufleute <\/strong><a href=\"mailto:barbara.breuning@konradin.de\"><i class=\"fa fa-envelope-o\" style=\"color: #000000\"><\/i><\/a>[\/vc_column_text][vc_column_text el_class=&#8220;mobile&#8220;]Ansprechpartnerin: <strong>Barbara Breuning, Ausbilderin f\u00fcr Medienkaufleute <\/strong><a href=\"mailto:barbara.breuning@konradin.de\"><i class=\"fa fa-envelope-o\" style=\"color: #000000\"><\/i><\/a>[\/vc_column_text][\/vc_column][\/vc_row][vc_row][vc_column][vc_empty_space height=&#8220;55px&#8220; el_class=&#8220;desktop&#8220;][\/vc_column][\/vc_row][vc_row][vc_column][vc_column_text]\n<h2>Das sind wir<\/h2>\n[\/vc_column_text][\/vc_column][\/vc_row][vc_row][vc_column width=&#8220;1\/3&#8243;][vc_single_image image=&#8220;4317&#8243; img_size=&#8220;large&#8220; el_class=&#8220;bild-zitat&#8220;][vc_column_text]<strong>Jasmina Tulic, Ausbildung zur Medienkauffrau Digital\/Print<br \/>\n<\/strong><em>&#8222;Es wird nie langweilig, da ich die M\u00f6glichkeit habe, in verschiedene Abteilungen hineinzuschauen&#8220;<\/em><strong><br \/>\n<\/strong><\/p>\n<p>Ich habe meine Ausbildung als Medienkauffrau 2018 begonnen und wurde von Anfang an in den Unternehmensalltag integriert und konnte Verantwortung f\u00fcr viele Dinge \u00fcbernehmen, wie zum Beispiel dem Organisieren eines Firmen-Spendenlaufs. <div class=\"su-spoiler su-spoiler-style-default su-spoiler-icon-plus su-spoiler-closed\" data-scroll-offset=\"0\" data-anchor-in-url=\"no\"><div class=\"su-spoiler-title\" tabindex=\"0\" role=\"button\"><span class=\"su-spoiler-icon\"><\/span>mehr<\/div><div class=\"su-spoiler-content su-u-clearfix su-u-trim\">Au\u00dferdem habe ich die M\u00f6glichkeit, in verschiedene Abteilungen hineinzuschauen und mit verschiedenen Arbeitsfeldern in Kontakt zu treten. Das finde ich super, da man meiner Meinung nach so viel wie m\u00f6glich eines Unternehmens sehen sollte, um das gro\u00dfe Ganze verstehen zu k\u00f6nnen. Aus diesem Grund wird es nie langweilig.<\/div><\/div>[\/vc_column_text][\/vc_column][vc_column width=&#8220;1\/3&#8243;][vc_single_image image=&#8220;3814&#8243; img_size=&#8220;large&#8220; el_class=&#8220;bild-zitat&#8220;][vc_column_text]<strong>Laura Gehring, Ausbildung zur Mediengestalterin Digital\/Print<br \/>\n<\/strong><em>&#8222;Meine Kollegen begegnen mir offen und kommunikativ. Toll, dass hier alles nicht so streng ist&#8220;<\/em><\/p>\n<p>Seit September 2018 mache ich bei Konradin meine Ausbildung zur Mediengestalterin Digital\/Print mit der Fachrichtung Gestaltung und Technik.<br \/>\nMan sollte ein Gef\u00fchl f\u00fcr Farbe, Schriftarten und die Gestaltung eines Gesamtbilds haben, dann ist man an der Stelle genau richtig. <div class=\"su-spoiler su-spoiler-style-default su-spoiler-icon-plus su-spoiler-closed\" data-scroll-offset=\"0\" data-anchor-in-url=\"no\"><div class=\"su-spoiler-title\" tabindex=\"0\" role=\"button\"><span class=\"su-spoiler-icon\"><\/span>mehr<\/div><div class=\"su-spoiler-content su-u-clearfix su-u-trim\">Ich habe hier nette Kollegen, die mir offen begegnen und kommunikativ sind. Toll, dass hier alles nicht so streng ist. Zu Konradin geh\u00f6rt auch eine Druckerei, so ist man im Rahmen der Ausbildung auch in der Druckvorstufe, auch erlebt man die riesen Druckmaschinen zum Anfassen. Ich freue mich sehr auf meine Ausbildungsstation in der Grafik.<\/div><\/div>[\/vc_column_text][\/vc_column][\/vc_row][vc_row][vc_column][vc_empty_space height=&#8220;25px&#8220;][\/vc_column][\/vc_row][vc_row css=&#8220;.vc_custom_1562230724356{background-color: #f3f8fb !important;}&#8220;][vc_column width=&#8220;1\/4&#8243;][vc_single_image image=&#8220;4325&#8243; img_size=&#8220;full&#8220; el_class=&#8220;desktop&#8220;][vc_single_image image=&#8220;4325&#8243; img_size=&#8220;270&#215;270&#8243; alignment=&#8220;center&#8220; el_class=&#8220;mobile&#8220;][\/vc_column][vc_column width=&#8220;3\/4&#8243;][vc_column_text css=&#8220;.vc_custom_1562252092329{margin-top: 0px !important;padding-top: 0px !important;}&#8220;]Unsere Azubis sind auch sozial aktiv! Sie organisieren unseren j\u00e4hrlichen <strong>Hand in Hand Spendenlauf<\/strong> im Sportzentrum Leinfelden.[\/vc_column_text][vc_single_image image=&#8220;4370&#8243; img_size=&#8220;full&#8220;][\/vc_column][\/vc_row][vc_row][vc_column][vc_empty_space][\/vc_column][\/vc_row]\n<\/section>","protected":false},"excerpt":{"rendered":"<p>[vc_row][vc_column][vc_column_text]\u00a0[\/vc_column_text][\/vc_column][\/vc_row][vc_row][vc_column][vc_text_separator title=&#8220;Unser Angebot&#8220; i_icon_fontawesome=&#8220;fa fa-chevron-circle-right&#8220; i_color=&#8220;custom&#8220; title_align=&#8220;separator_align_left&#8220; style=&#8220;dashed&#8220; add_icon=&#8220;true&#8220; i_custom_color=&#8220;#3361ae&#8220;][\/vc_column][\/vc_row][vc_row][vc_column width=&#8220;5\/6&#8243;][vc_column_text]Die Azubis von heute sind unsere Fach- und F\u00fchrungskr\u00e4fte von morgen. Sie k\u00f6nnen sich auf uns verlassen! Die Ausbildung bei Konradin ist fundiert, vielf\u00e4ltig, modern und spannend. Als Auszubildender erhalten Sie ein breites Fundament, das viele Wege f\u00fcr Ihre berufliche Entwicklung offenh\u00e4lt. Wir begeistern Sie [&hellip;]<\/p>\n","protected":false},"author":12,"featured_media":0,"parent":2708,"menu_order":0,"comment_status":"closed","ping_status":"closed","template":"","meta":[],"_links":{"self":[{"href":"https:\/\/www.konradin.de\/de\/wp-json\/wp\/v2\/pages\/3721"}],"collection":[{"href":"https:\/\/www.konradin.de\/de\/wp-json\/wp\/v2\/pages"}],"about":[{"href":"https:\/\/www.konradin.de\/de\/wp-json\/wp\/v2\/types\/page"}],"author":[{"embeddable":true,"href":"https:\/\/www.konradin.de\/de\/wp-json\/wp\/v2\/users\/12"}],"replies":[{"embeddable":true,"href":"https:\/\/www.konradin.de\/de\/wp-json\/wp\/v2\/comments?post=3721"}],"version-history":[{"count":152,"href":"https:\/\/www.konradin.de\/de\/wp-json\/wp\/v2\/pages\/3721\/revisions"}],"predecessor-version":[{"id":5678,"href":"https:\/\/www.konradin.de\/de\/wp-json\/wp\/v2\/pages\/3721\/revisions\/5678"}],"up":[{"embeddable":true,"href":"https:\/\/www.konradin.de\/de\/wp-json\/wp\/v2\/pages\/2708"}],"wp:attachment":[{"href":"https:\/\/www.konradin.de\/de\/wp-json\/wp\/v2\/media?parent=3721"}],"curies":[{"name":"wp","href":"https:\/\/api.w.org\/{rel}","templated":true}]}}