{"id":393,"date":"2015-09-28T07:27:50","date_gmt":"2015-09-28T07:27:50","guid":{"rendered":"http:\/\/www.konradin.datenkasten.de\/de\/?page_id=393"},"modified":"2026-03-19T15:01:15","modified_gmt":"2026-03-19T15:01:15","slug":"corporate-publishing","status":"publish","type":"page","link":"https:\/\/www.konradin.de\/de\/dienstleistungen\/corporate-publishing\/","title":{"rendered":"Corporate Publishing"},"content":{"rendered":"<p>Wir sind Spezialisten f\u00fcr individuelle, unternehmensspezifische B2B-Kommunikation. Das Leistungsspektrum umfasst alle Ebenen der Unternehmenskommunikation in den Bereichen Print, Online und Event. Wir bieten kompetente Beratung und entwickeln gemeinsam mit unseren Kunden\u00a0\u00fcberzeugende Konzepte. Analog zu unseren Medienbereichen liegt unser Fach- und Branchen-Know-how vor allem in den Bereichen <strong>Architektur <\/strong>und\u00a0<strong>Handwerk, Arbeitswelt<\/strong>\u00a0sowie <strong>Wissenschaft<\/strong> und <strong>Technik<\/strong>.<\/p>\n<p>Inhalte bereiten wir f\u00fcr Sie <strong>in jeder gew\u00fcnschten Informationstiefe<\/strong> auf: f\u00fcr ein Kundenmagazin oder einen Newsletter, f\u00fcr ein Internet-Fachforum oder ein popul\u00e4res Wissensmagazin. Unser Angebotsspektrum\u00a0reicht\u00a0vom ersten Konzeptgedanken bis zur medialen Umsetzung und\u00a0umfasst\u00a0bedarfsgerecht alle\u00a0Leistungen\u00a0rund um\u00a0Beratung, Projektleitung, Kostenkontrolle, Grafik und Redaktion.<\/p>\n<p>Wir denken <strong>Information kanal\u00fcbergreifend<\/strong>. So bieten wir beispielsweise f\u00fcr alle Print-Publikationen auch <strong>digitale Umsetzungen<\/strong> z.B. als bl\u00e4tterbare E-Paper mit s\u00e4mtlichen Vorteilen der vernetzten Welt: Unbegrenzt crossmedial einsetzbar. Erweiterbar um Bildergalerien, Animationen, und Videos. 100% individualisierbar.<\/p>\n<p>&nbsp;<\/p>\n","protected":false},"excerpt":{"rendered":"<p>Wir sind Spezialisten f\u00fcr individuelle, unternehmensspezifische B2B-Kommunikation. Das Leistungsspektrum umfasst alle Ebenen der Unternehmenskommunikation in den Bereichen Print, Online und Event. Wir bieten kompetente Beratung und entwickeln gemeinsam mit unseren Kunden\u00a0\u00fcberzeugende Konzepte. Analog zu unseren Medienbereichen liegt unser Fach- und Branchen-Know-how vor allem in den Bereichen Architektur und\u00a0Handwerk, Arbeitswelt\u00a0sowie Wissenschaft und Technik. Inhalte bereiten wir [&hellip;]<\/p>\n","protected":false},"author":3,"featured_media":640,"parent":6,"menu_order":0,"comment_status":"closed","ping_status":"closed","template":"pages\/template-dienstleistung.php","meta":[],"_links":{"self":[{"href":"https:\/\/www.konradin.de\/de\/wp-json\/wp\/v2\/pages\/393"}],"collection":[{"href":"https:\/\/www.konradin.de\/de\/wp-json\/wp\/v2\/pages"}],"about":[{"href":"https:\/\/www.konradin.de\/de\/wp-json\/wp\/v2\/types\/page"}],"author":[{"embeddable":true,"href":"https:\/\/www.konradin.de\/de\/wp-json\/wp\/v2\/users\/3"}],"replies":[{"embeddable":true,"href":"https:\/\/www.konradin.de\/de\/wp-json\/wp\/v2\/comments?post=393"}],"version-history":[{"count":32,"href":"https:\/\/www.konradin.de\/de\/wp-json\/wp\/v2\/pages\/393\/revisions"}],"predecessor-version":[{"id":5654,"href":"https:\/\/www.konradin.de\/de\/wp-json\/wp\/v2\/pages\/393\/revisions\/5654"}],"up":[{"embeddable":true,"href":"https:\/\/www.konradin.de\/de\/wp-json\/wp\/v2\/pages\/6"}],"wp:featuredmedia":[{"embeddable":true,"href":"https:\/\/www.konradin.de\/de\/wp-json\/wp\/v2\/media\/640"}],"wp:attachment":[{"href":"https:\/\/www.konradin.de\/de\/wp-json\/wp\/v2\/media?parent=393"}],"curies":[{"name":"wp","href":"https:\/\/api.w.org\/{rel}","templated":true}]}}