{"id":397,"date":"2015-09-28T07:28:50","date_gmt":"2015-09-28T07:28:50","guid":{"rendered":"http:\/\/www.konradin.datenkasten.de\/de\/?page_id=397"},"modified":"2026-04-09T09:30:55","modified_gmt":"2026-04-09T09:30:55","slug":"shops","status":"publish","type":"page","link":"https:\/\/www.konradin.de\/de\/dienstleistungen\/shops\/","title":{"rendered":"Shops"},"content":{"rendered":"<p>Durch <strong>zielgruppenspezifische Shops<\/strong> <strong>f\u00fcr Fachliteratur, Sachb\u00fccher, hochwertige Geschenke <\/strong>erg\u00e4nzt der <strong>Medienservice Konradin<\/strong> das Informationsangebot der Konradin Fachmedien im Interessensgebiet der jeweiligen Leserschaft und bietet damit einen weiteren Beitrag zur Kundenbindung. Der Medienservice erreicht sein Publikum \u00fcber Printkampagnen, Emailmarketing und Internetshops.<\/p>\n<p>Die Fachliteratur-Shops enthalten ein breites Angebot an Fachb\u00fcchern, Nachschlagewerken, Demo-Videos und CD-Roms f\u00fcr die jeweiligen Fachgebiete. Das Themenspektrum reicht von der Grundlagenliteratur f\u00fcr die Aus- und Weiterbildung bis hin zu Spezialgebieten und rechtlichen oder betriebswirtschaftlichen Fragen sowie aktuellen Trendthemen.<\/p>\n","protected":false},"excerpt":{"rendered":"<p>Durch zielgruppenspezifische Shops f\u00fcr Fachliteratur, Sachb\u00fccher, hochwertige Geschenke erg\u00e4nzt der Medienservice Konradin das Informationsangebot der Konradin Fachmedien im Interessensgebiet der jeweiligen Leserschaft und bietet damit einen weiteren Beitrag zur Kundenbindung. Der Medienservice erreicht sein Publikum \u00fcber Printkampagnen, Emailmarketing und Internetshops. Die Fachliteratur-Shops enthalten ein breites Angebot an Fachb\u00fcchern, Nachschlagewerken, Demo-Videos und CD-Roms f\u00fcr die jeweiligen [&hellip;]<\/p>\n","protected":false},"author":3,"featured_media":640,"parent":6,"menu_order":0,"comment_status":"closed","ping_status":"closed","template":"pages\/template-dienstleistung.php","meta":[],"_links":{"self":[{"href":"https:\/\/www.konradin.de\/de\/wp-json\/wp\/v2\/pages\/397"}],"collection":[{"href":"https:\/\/www.konradin.de\/de\/wp-json\/wp\/v2\/pages"}],"about":[{"href":"https:\/\/www.konradin.de\/de\/wp-json\/wp\/v2\/types\/page"}],"author":[{"embeddable":true,"href":"https:\/\/www.konradin.de\/de\/wp-json\/wp\/v2\/users\/3"}],"replies":[{"embeddable":true,"href":"https:\/\/www.konradin.de\/de\/wp-json\/wp\/v2\/comments?post=397"}],"version-history":[{"count":30,"href":"https:\/\/www.konradin.de\/de\/wp-json\/wp\/v2\/pages\/397\/revisions"}],"predecessor-version":[{"id":5727,"href":"https:\/\/www.konradin.de\/de\/wp-json\/wp\/v2\/pages\/397\/revisions\/5727"}],"up":[{"embeddable":true,"href":"https:\/\/www.konradin.de\/de\/wp-json\/wp\/v2\/pages\/6"}],"wp:featuredmedia":[{"embeddable":true,"href":"https:\/\/www.konradin.de\/de\/wp-json\/wp\/v2\/media\/640"}],"wp:attachment":[{"href":"https:\/\/www.konradin.de\/de\/wp-json\/wp\/v2\/media?parent=397"}],"curies":[{"name":"wp","href":"https:\/\/api.w.org\/{rel}","templated":true}]}}