{"id":5009,"date":"2022-07-07T11:36:45","date_gmt":"2022-07-07T11:36:45","guid":{"rendered":"https:\/\/www.konradin.de\/de\/?page_id=5009"},"modified":"2025-08-06T13:39:37","modified_gmt":"2025-08-06T13:39:37","slug":"agb-aboplus-haefner","status":"publish","type":"page","link":"https:\/\/www.konradin.de\/de\/agb\/agb-aboplus-haefner\/","title":{"rendered":"Allgemeine Gesch\u00e4ftsbedingungen der Dr. Curt Haefner-Verlag GmbH"},"content":{"rendered":"<p>(Stand 07\/2025)<\/p>\n<h2>1.&nbsp; Geltung<\/h2>\n<p>1.1.&nbsp;&nbsp;&nbsp; <span data-testid=\"comment-base-item-13599\">Diese Bedingungen gelten f\u00fcr die AboPlus-Angebote der der Dr. Curt Haefner-Verlag GmbH. <\/span><\/p>\n<p>1.2.&nbsp;&nbsp;&nbsp; Verbraucher ist jede nat\u00fcrliche Person, die ein Rechtsgesch\u00e4ft zu Zwecken abschlie\u00dft, die \u00fcberwiegend weder ihrer gewerblichen noch ihrer selbstst\u00e4ndigen beruflichen T\u00e4tigkeit zugerechnet werden k\u00f6nnen (\u00a7 13 BGB).<\/p>\n<h2>2.&nbsp;&nbsp;Zustandekommen eines Vertrages, Vertragstext, AGB<\/h2>\n<p>2.1.&nbsp;&nbsp;&nbsp; Die Darstellung der AboPlus-Produkte auf unserer Website stellt kein rechtlich bindendes Angebot, sondern einen unverbindlichen Online-Katalog dar.<\/p>\n<p>2.2.&nbsp;&nbsp;&nbsp; Mit der Wahl eines kostenpflichtigen Produkts werden Sie in den Registrierungsprozess und durch den Bestellablauf geleitet. Sie k\u00f6nnen Ihre Eingaben dort durch Anklicken der entsprechenden Schaltfl\u00e4chen \u00e4ndern und korrigieren. Vor Abschluss der Bestellung zeigen wir Ihnen nochmals alle Daten, die Preise und Ihre pers\u00f6nlichen Liefer- und Rechnungsdaten, die Sie durch Anklicken der entsprechenden Schaltfl\u00e4chen bei Bedarf \u00e4ndern und korrigieren k\u00f6nnen. Durch Anklicken des Buttons &#8222;Zahlungspflichtig bestellen&#8220; geben Sie eine verbindliche Bestellung ausgew\u00e4hlten Produkte ab.<\/p>\n<p>2.3.&nbsp;&nbsp;&nbsp; Die Best\u00e4tigung des Eingangs der Bestellung erfolgt unmittelbar nach dem Absenden der Bestellung durch eine E-Mail an die von Ihnen im Bestellprozess angegebene E-Mail-Adresse und stellt eine Vertragsannahme dar.<\/p>\n<p>2.4.&nbsp;&nbsp;&nbsp; Sie k\u00f6nnen diese Allgemeinen Gesch\u00e4ftsbedingungen jederzeit unter <a href=\"https:\/\/www.konradin.de\/de\/agb\/agb-aboplus-haefner\">www.konradin.de\/de\/agb\/agb-aboplus-haefner\/<\/a> einsehen, als PDF abspeichern und ausdrucken. Zudem speichern wir den Vertragstext und senden Ihnen die Bestelldaten per E-Mail zu. Diese Daten sind auch in Ihrem Benutzerkonto unter \u201eAbonnements und Eink\u00e4ufe\u201c unter \u201eEinzelheiten\u201c einsehbar. Vergangene Bestellungen k\u00f6nnen Sie ebenfalls in Ihrem Benutzerkonto einsehen.<\/p>\n<h2>3.&nbsp;&nbsp;Zugang, Nutzungsrecht<\/h2>\n<p>3.1.&nbsp;&nbsp;&nbsp; Soweit nicht abweichend vereinbart, wird Ihnen ein individueller Zugang f\u00fcr einen einzigen Nutzer zur Verf\u00fcgung gestellt. Ihr Zugang zu den Produkten erfolgt in diesem Fall passwortgesch\u00fctzt unter Verwendung der Ihnen zugeteilten Zugangsdaten (Benutzername und Passwort). Soweit nicht abweichend angegeben, wird Ihr Zugang unverz\u00fcglich nach Vertragsschluss freigegeben (unverz\u00fcgliche Bereitstellung). Die Zugangsdaten k\u00f6nnen Sie jederzeit \u00e4ndern. Sie sind verpflichtet, die Zugangsdaten geheim zu halten und die unberechtigte Nutzung des Zugangs durch Dritte \u2013 hierzu z\u00e4hlen insbesondere auch Personen innerhalb eines Unternehmens \u2013 zu verhindern.<\/p>\n<p>3.2.&nbsp;&nbsp;&nbsp; Die Produkte sind urheberrechtlich und markenrechtlich gesch\u00fctzt. Die Nutzung eines Produkts ist stets auf einen Nutzer beschr\u00e4nkt. Mit Bereitstellung bzw. \u00dcbermittlung der einzelnen digitalen Inhalte erhalten Sie das einfache Recht, diese zum eigenen, nicht-kommerziellen Gebrauch zu nutzen. Es ist nicht zul\u00e4ssig, Inhalte zu vervielf\u00e4ltigen und Dritten \u2013 hierzu z\u00e4hlen insbesondere auch Personen innerhalb eines Unternehmens \u2013 zug\u00e4nglich zu machen. Eine weitergehende Nutzung, insbesondere die Ver\u00f6ffentlichung im Internet, die unberechtigte Vervielf\u00e4ltigung Verbreitung oder die Zug\u00e4nglichmachung \u00fcber das Internet, ist nicht zul\u00e4ssig. Die gew\u00e4hrten Nutzungsrechte sind weder \u00fcbertragbar noch unterlizenzierbar. Zur Klarstellung weisen wir darauf hin, dass Sie gesetzlich nach dem Urhebergesetz erlaubte Nutzungen durchf\u00fchren d\u00fcrfen; diese Nutzungsm\u00f6glichkeiten bleiben in vollem Umfang erlaubt.<\/p>\n<p>3.3.&nbsp;&nbsp;&nbsp; Sie d\u00fcrfen unsere Produkte zu privaten Zwecken nutzen, nicht aber kommerziell verwenden. Auch bei der erlaubten Privatnutzung d\u00fcrfen die Inhalte nicht ver\u00e4ndert werden, insbesondere d\u00fcrfen Copyright-Hinweise oder andere Hinweise auf die Rechte Dritter nicht entfernt werden.<\/p>\n<h2>4.&nbsp;&nbsp;Preise, Zahlung, Rechnung<\/h2>\n<p>4.1.&nbsp;&nbsp;&nbsp; Es gelten die Preise zum Zeitpunkt der Bestellung. Alle Preise verstehen sich inklusive der jeweils geltenden gesetzlichen Umsatzsteuer.<\/p>\n<p>4.2.&nbsp;&nbsp;&nbsp; Der monatliche Preis wird jeweils zum Anfang eines jeden Monats von uns in Rechnung gestellt. Alle Rechnungen finden Sie in Ihrem Benutzerkonto unter dem Men\u00fcpunkt \u201eRechnungen\u201c zur Ansicht und zum Download.<\/p>\n<p>4.3.&nbsp;&nbsp;&nbsp; Die m\u00f6glichen Zahlungsmittel sind auf unserer Website angegeben.<\/p>\n<h2>5.&nbsp;&nbsp;Aufrechnung und Zur\u00fcckbehaltungsrecht<\/h2>\n<p>Aufrechnungs- oder Zur\u00fcckbehaltungsrechte stehen Ihnen nur zu, soweit Ihr Gegen-anspruch unbestritten oder rechtskr\u00e4ftig festgestellt ist oder er auf demselben Vertragsverh\u00e4ltnis wie unsere Forderung beruht.<\/p>\n<h2>6.&nbsp;&nbsp;Vertragslaufzeit, K\u00fcndigung<\/h2>\n<p>6.1.&nbsp;&nbsp;&nbsp; Die Laufzeit des Vertrags, etwaige automatische Verl\u00e4ngerungen und K\u00fcndigungsfristen sind in der jeweiligen Produktbeschreibung festgelegt.<\/p>\n<p>6.2.&nbsp;&nbsp;&nbsp; Nach Ablauf der Mindestvertragslaufzeit k\u00f6nnen Sie den Vertrag jederzeit mit einer Frist von 24 Stunden zum Ablauf des Abrechnungsmonats k\u00fcndigen; gleiches gilt, wenn wir keine Mindestvertragslaufzeit vereinbart haben.<\/p>\n<p>6.3.&nbsp;&nbsp;&nbsp; Die K\u00fcndigung k\u00f6nnen Sie in Textform oder \u00fcber den K\u00fcndigungsbutton auf unserer Website erkl\u00e4ren.<\/p>\n<p>6.4.&nbsp;&nbsp;&nbsp; Soweit nicht abweichend in der Produktbeschreibung festgelegt, k\u00f6nnen wir den Vertrag jederzeit mit einer Frist von zwei Wochen zum Ende eines jeden Abrechnungsmonats in Textform k\u00fcndigen.<\/p>\n<p>6.5.&nbsp;&nbsp;&nbsp; Das Recht zur au\u00dferordentlichen K\u00fcndigung aus wichtigem Grund bleibt unber\u00fchrt.<\/p>\n<h2>7.&nbsp;&nbsp; M\u00e4ngel<\/h2>\n<p>Bei M\u00e4ngeln haben Sie die gesetzlichen Anspr\u00fcche.<\/p>\n<h2>8.&nbsp; Vertragssprache, anwendbares Recht, Gerichtsstand, salvatorische Klausel<\/h2>\n<p>8.1.&nbsp;&nbsp;&nbsp; Die Vertragssprache ist Deutsch.<\/p>\n<p>8.2.&nbsp;&nbsp;&nbsp; Es gilt deutsches Recht unter Ausschluss des UN-Kaufrechts. Sind Sie Verbraucher, k\u00f6nnen Sie sich ungeachtet dessen auf diejenigen Vorschriften des Staates Ihres gew\u00f6hnlichen Aufenthalts berufen, von denen nicht durch Vereinbarung abgewichen werden darf.<\/p>\n<p>8.3.&nbsp;&nbsp;&nbsp; Die folgende Regelung gilt nicht f\u00fcr Verbraucher: Sind Sie (a) Kaufmann, juristische Person des \u00f6ffentlichen Rechts oder \u00f6ffentlich-rechtliches Sonderverm\u00f6gen oder haben Sie (b) keinen inl\u00e4ndischen allgemeinen Gerichtsstand, oder (c) Ihren Wohnsitz oder Ihren gew\u00f6hnlichen Aufenthaltsort nach Vertragsschluss ins Ausland verlegt oder sind (d) zum Zeitpunkt der Klageerhebung weder Ihr Wohnsitz noch Ihr gew\u00f6hnlicher Aufenthaltsort bekannt, ist unser Sitz als ausschlie\u00dflicher Gerichtsstand vereinbart; wir sind aber auch berechtigt, an Ihrem allgemeinen Gerichtsstand zu klagen.<\/p>\n<p>8.4.&nbsp;&nbsp;&nbsp; Sollte eine Bestimmung unserer Allgemeinen Gesch\u00e4ftsbedingungen unwirksam sein, bleiben die \u00fcbrigen Bestimmungen gleichwohl wirksam.<\/p>\n<h2>9.&nbsp;&nbsp; Streitbeilegungsverfahren nach dem Verbraucherstreitbeilegungsgesetz (\u00a7\u202f36 VSBG)<\/h2>\n<p>Wir sind zur Teilnahme an einem Streitbeilegungsverfahren vor einer Verbraucherschlichtungsstelle weder verpflichtet noch bereit.<\/p>\n<h2>10.&nbsp;&nbsp;Widerrufsbelehrung<\/h2>\n<p>Widerrufsrecht<\/p>\n<p>Sie haben das Recht, binnen vierzehn Tagen ohne Angabe von Gr\u00fcnden diesen Vertrag zu widerrufen.<\/p>\n<p>Die Widerrufsfrist betr\u00e4gt vierzehn Tage ab dem Tag des Vertragsabschlusses. Um Ihr Widerrufsrecht auszu\u00fcben, m\u00fcssen Sie uns<\/p>\n<p>ZENIT Pressevertrieb GmbH<br \/>\nJulius-H\u00f6lder-Str. 47<br \/>\n70597 Stuttgart<br \/>\nTelefon: 0711 82651-254<br \/>\nE-Mail: <a href=\"mailto:aboplus@konradin.de\">aboplus@konradin.de<\/a><\/p>\n<p>mittels einer eindeutigen Erkl\u00e4rung (z.B. ein mit der Post versandter Brief, Telefax oder E-Mail) \u00fcber Ihren Entschluss, diesen Vertrag zu widerrufen, informieren. Sie k\u00f6nnen daf\u00fcr das beigef\u00fcgte Muster-Widerrufsformular verwenden, das jedoch nicht vorgeschrieben ist.<\/p>\n<p>Zur Wahrung der Widerrufsfrist reicht es aus, dass Sie die Mitteilung \u00fcber die Aus\u00fcbung des Widerrufsrechts vor Ablauf der Widerrufsfrist absenden.<\/p>\n<p>Folgen des Widerrufs<\/p>\n<p>Wenn Sie diesen Vertrag widerrufen, haben wir Ihnen alle Zahlungen, die wir von Ihnen erhalten haben, einschlie\u00dflich der Lieferkosten (mit Ausnahme der zus\u00e4tzlichen Kosten, die sich daraus ergeben, dass Sie eine andere Art der Lieferung als die von uns angebotene, g\u00fcnstigste Standardlieferung gew\u00e4hlt haben), unverz\u00fcglich und bis sp\u00e4testens binnen vierzehn Tage ab dem Tag zur\u00fcckzuzahlen, an dem die Mitteilung \u00fcber Ihren Widerruf dieses Vertrages bei uns eingegangen ist. F\u00fcr diese R\u00fcckzahlung verwenden wir dasselbe Zahlungsmittel, das Sie bei der urspr\u00fcnglichen Transaktion eingesetzt haben, es sei denn, mit Ihnen wurde ausdr\u00fccklich etwas anderes vereinbart; in keinem Fall werden Ihnen wegen dieser R\u00fcckzahlung Entgelte berechnet.<\/p>\n<p>Ende der Widerrufsbelehrung<\/p>\n<p>&nbsp;<\/p>\n<p>Muster-Widerrufsformular<br \/>\n(Wenn Sie den Vertrag widerrufen wollen, dann f\u00fcllen Sie bitte dieses Formular aus und senden Sie es zur\u00fcck.)<\/p>\n<p><em>An:<\/em><\/p>\n<p><em>ZENIT Pressevertrieb GmbH <\/em><br \/>\n<em>Julius-H\u00f6lder-Str. 47<\/em><br \/>\n<em>70597 Stuttgart<\/em><br \/>\n<em>Telefon: 0711 82651-254<\/em><br \/>\n<em>E-Mail: <a href=\"mailto:aboplus@konradin.de\">aboplus@konradin.de<\/a><\/em><\/p>\n<p><em>Hiermit widerrufe(n) ich\/wir den von mir\/uns abgeschlossenen Vertrag \u00fcber den Kauf der folgenden Waren\/die Erbringung der folgenden Dienstleistung<\/em><br \/>\n<em>bestellt am\/erhalten am \u2026\u2026\u2026\u2026\u2026\u2026\u2026\u2026\u2026\u2026\u2026\u2026\u2026\u2026\u2026\u2026\u2026\u2026\u2026\u2026\u2026\u2026<\/em><br \/>\n<em>Name des\/der Verbraucher(s) \u2026\u2026\u2026\u2026\u2026\u2026\u2026\u2026\u2026\u2026\u2026\u2026\u2026\u2026\u2026\u2026\u2026\u2026\u2026\u2026\u2026\u2026<\/em><br \/>\n<em>Anschrift des\/der Verbraucher(s) \u2026\u2026\u2026\u2026\u2026\u2026\u2026\u2026\u2026\u2026\u2026\u2026\u2026\u2026\u2026\u2026\u2026\u2026\u2026\u2026\u2026\u2026<\/em><br \/>\n<em>\u2026\u2026\u2026\u2026\u2026\u2026\u2026\u2026\u2026\u2026\u2026\u2026\u2026\u2026\u2026\u2026\u2026\u2026\u2026\u2026\u2026\u2026<\/em><br \/>\n<em>Unterschrift des\/der Verbraucher(s)<\/em><br \/>\n<em>(nur bei Mitteilung auf Papier) \u2026\u2026\u2026\u2026\u2026\u2026\u2026\u2026\u2026\u2026\u2026\u2026\u2026\u2026\u2026\u2026\u2026\u2026\u2026\u2026\u2026\u2026<\/em><br \/>\n<em>Datum \u2026\u2026\u2026\u2026\u2026\u2026\u2026\u2026\u2026\u2026\u2026\u2026\u2026\u2026\u2026\u2026\u2026\u2026\u2026\u2026\u2026\u2026<\/em><\/p>\n<p>&nbsp;<\/p>\n<h3>Download:<\/h3>\n<ul>\n<li><a href=\"https:\/\/www.konradin.de\/de\/wp-content\/uploads\/AGB_AboPlus_CHV_072025.pdf\" target=\"_blank\" rel=\"noopener\">AGB und Widerrufsbelehrung als PDF runterladen<\/a><\/li>\n<\/ul>\n","protected":false},"excerpt":{"rendered":"<p>(Stand 07\/2025) 1.&nbsp; Geltung 1.1.&nbsp;&nbsp;&nbsp; Diese Bedingungen gelten f\u00fcr die AboPlus-Angebote der der Dr. Curt Haefner-Verlag GmbH. 1.2.&nbsp;&nbsp;&nbsp; Verbraucher ist jede nat\u00fcrliche Person, die ein Rechtsgesch\u00e4ft zu Zwecken abschlie\u00dft, die \u00fcberwiegend weder ihrer gewerblichen noch ihrer selbstst\u00e4ndigen beruflichen T\u00e4tigkeit zugerechnet werden k\u00f6nnen (\u00a7 13 BGB). 2.&nbsp;&nbsp;Zustandekommen eines Vertrages, Vertragstext, AGB 2.1.&nbsp;&nbsp;&nbsp; Die Darstellung der AboPlus-Produkte [&hellip;]<\/p>\n","protected":false},"author":19,"featured_media":0,"parent":12,"menu_order":0,"comment_status":"closed","ping_status":"closed","template":"","meta":[],"_links":{"self":[{"href":"https:\/\/www.konradin.de\/de\/wp-json\/wp\/v2\/pages\/5009"}],"collection":[{"href":"https:\/\/www.konradin.de\/de\/wp-json\/wp\/v2\/pages"}],"about":[{"href":"https:\/\/www.konradin.de\/de\/wp-json\/wp\/v2\/types\/page"}],"author":[{"embeddable":true,"href":"https:\/\/www.konradin.de\/de\/wp-json\/wp\/v2\/users\/19"}],"replies":[{"embeddable":true,"href":"https:\/\/www.konradin.de\/de\/wp-json\/wp\/v2\/comments?post=5009"}],"version-history":[{"count":14,"href":"https:\/\/www.konradin.de\/de\/wp-json\/wp\/v2\/pages\/5009\/revisions"}],"predecessor-version":[{"id":5499,"href":"https:\/\/www.konradin.de\/de\/wp-json\/wp\/v2\/pages\/5009\/revisions\/5499"}],"up":[{"embeddable":true,"href":"https:\/\/www.konradin.de\/de\/wp-json\/wp\/v2\/pages\/12"}],"wp:attachment":[{"href":"https:\/\/www.konradin.de\/de\/wp-json\/wp\/v2\/media?parent=5009"}],"curies":[{"name":"wp","href":"https:\/\/api.w.org\/{rel}","templated":true}]}}