{"id":5691,"date":"2026-03-26T09:04:13","date_gmt":"2026-03-26T09:04:13","guid":{"rendered":"https:\/\/www.konradin.de\/de\/?page_id=5691"},"modified":"2026-03-26T09:17:59","modified_gmt":"2026-03-26T09:17:59","slug":"musik-und-kultur","status":"publish","type":"page","link":"https:\/\/www.konradin.de\/de\/medien\/musik-und-kultur\/","title":{"rendered":"Musik und Kultur"},"content":{"rendered":"<p><strong>Unser Medienangebot<\/strong><\/p>\n<ul>\n<li>bildet die Vielfalt von Musik- und Kulturschaffen umfassend ab \u2013 von klassischen Traditionen \u00fcber zeitgen\u00f6ssische Str\u00f6mungen bis hin zu digitalen Formaten und neuen Ausdrucksformen.<\/li>\n<li>verbindet redaktionelle Kompetenz mit Leidenschaft f\u00fcr Kultur und erreicht seine Zielgruppen kanal\u00fcbergreifend \u00fcber Print- und Online-Medien.<\/li>\n<li>umfasst etablierte Fachpublikationen sowie innovative Plattformen mit hoher inhaltlicher Relevanz und engagierter Leserschaft.<\/li>\n<\/ul>\n<p><strong>Unsere Zielgruppen<\/strong><\/p>\n<ul>\n<li>sind Kulturschaffende, Musikerinnen und Musiker, Veranstalter, Institutionen sowie kulturinteressierte und kreative Zielgruppen mit hoher Affinit\u00e4t zu Qualit\u00e4t und Inspiration.<\/li>\n<\/ul>\n<p><strong>Unsere Medienmarken<\/strong><\/p>\n","protected":false},"excerpt":{"rendered":"<p>Unser Medienangebot bildet die Vielfalt von Musik- und Kulturschaffen umfassend ab \u2013 von klassischen Traditionen \u00fcber zeitgen\u00f6ssische Str\u00f6mungen bis hin zu digitalen Formaten und neuen Ausdrucksformen. verbindet redaktionelle Kompetenz mit Leidenschaft f\u00fcr Kultur und erreicht seine Zielgruppen kanal\u00fcbergreifend \u00fcber Print- und Online-Medien. umfasst etablierte Fachpublikationen sowie innovative Plattformen mit hoher inhaltlicher Relevanz und engagierter Leserschaft. [&hellip;]<\/p>\n","protected":false},"author":22,"featured_media":1194,"parent":4,"menu_order":0,"comment_status":"closed","ping_status":"closed","template":"pages\/template-portfolio.php","meta":[],"_links":{"self":[{"href":"https:\/\/www.konradin.de\/de\/wp-json\/wp\/v2\/pages\/5691"}],"collection":[{"href":"https:\/\/www.konradin.de\/de\/wp-json\/wp\/v2\/pages"}],"about":[{"href":"https:\/\/www.konradin.de\/de\/wp-json\/wp\/v2\/types\/page"}],"author":[{"embeddable":true,"href":"https:\/\/www.konradin.de\/de\/wp-json\/wp\/v2\/users\/22"}],"replies":[{"embeddable":true,"href":"https:\/\/www.konradin.de\/de\/wp-json\/wp\/v2\/comments?post=5691"}],"version-history":[{"count":5,"href":"https:\/\/www.konradin.de\/de\/wp-json\/wp\/v2\/pages\/5691\/revisions"}],"predecessor-version":[{"id":5706,"href":"https:\/\/www.konradin.de\/de\/wp-json\/wp\/v2\/pages\/5691\/revisions\/5706"}],"up":[{"embeddable":true,"href":"https:\/\/www.konradin.de\/de\/wp-json\/wp\/v2\/pages\/4"}],"wp:featuredmedia":[{"embeddable":true,"href":"https:\/\/www.konradin.de\/de\/wp-json\/wp\/v2\/media\/1194"}],"wp:attachment":[{"href":"https:\/\/www.konradin.de\/de\/wp-json\/wp\/v2\/media?parent=5691"}],"curies":[{"name":"wp","href":"https:\/\/api.w.org\/{rel}","templated":true}]}}