{"id":6,"date":"2015-08-11T10:19:52","date_gmt":"2015-08-11T10:19:52","guid":{"rendered":"http:\/\/de.konradin.se.intra.ev-ma.net\/?page_id=6"},"modified":"2026-04-09T08:00:17","modified_gmt":"2026-04-09T08:00:17","slug":"dienstleistungen","status":"publish","type":"page","link":"https:\/\/www.konradin.de\/de\/dienstleistungen\/","title":{"rendered":"Dienstleistungen"},"content":{"rendered":"<p>Unser Angebot umfasst Web-Shops, \u00fcber die unsere Medien abonniert oder weitere\u00a0Produkte bestellt werden k\u00f6nnen; Kommunikationsdienstleistungen, mit denen wir Kunden bei ihrer Zielgruppenkommunikation unterst\u00fctzen; sowie die Konzeption, Planung und Durchf\u00fchrung von B2B-Events (vor Ort, digital, oder hybrid).<\/p>\n<div class=\"su-animate\" style=\"opacity:0;-webkit-animation-duration:1s;-webkit-animation-delay:0s;animation-duration:1s;animation-delay:0s;\" data-animation=\"fadeInDown\" data-duration=\"1\" data-delay=\"0\">\n<div class=\"portfolio-title\" style=\"width: 500px; margin-right: 20px;\">\n<h2><a class=\"overview\" href=\"\/de\/events\">Fachevents<\/a><\/h2>\n<\/div>\n<\/div>\n<div class=\"su-animate\" style=\"opacity:0;-webkit-animation-duration:1s;-webkit-animation-delay:0.1s;animation-duration:1s;animation-delay:0.1s;\" data-animation=\"fadeInDown\" data-duration=\"1\" data-delay=\"0.1\">\n<div class=\"portfolio-title\" style=\"width: 500px; margin-right: 20px;\">\n<h2><a class=\"overview\" href=\"\/de\/marktforschung\">Marktforschung<\/a><\/h2>\n<\/div>\n<\/div>\n<div class=\"su-animate\" style=\"opacity:0;-webkit-animation-duration:1s;-webkit-animation-delay:0.2s;animation-duration:1s;animation-delay:0.2s;\" data-animation=\"fadeInLeft\" data-duration=\"1\" data-delay=\"0.2\">\n<div class=\"portfolio-title\" style=\"width: 500px; margin-right: 20px;\">\n<h2><a class=\"overview\" href=\"\/de\/corporate-publishing\">Corporate Publishing<\/a><\/h2>\n<\/div>\n<\/div>\n<div class=\"su-animate\" style=\"opacity:0;-webkit-animation-duration:1s;-webkit-animation-delay:0.4s;animation-duration:1s;animation-delay:0.4s;\" data-animation=\"fadeInLeft\" data-duration=\"1\" data-delay=\"0.4\">\n<div class=\"portfolio-title\" style=\"width: 500px; margin-right: 20px;\">\n<h2><a class=\"overview\" href=\"\/de\/shops\">Shops<\/a><\/h2>\n<\/div>\n<\/div>\n<div class=\"su-animate\" style=\"opacity:0;-webkit-animation-duration:1s;-webkit-animation-delay:0.6s;animation-duration:1s;animation-delay:0.6s;\" data-animation=\"fadeInUp\" data-duration=\"1\" data-delay=\"0.6\">\n<div class=\"portfolio-title\" style=\"width: 500px; margin-right: 20px;\">\n<h2><a class=\"overview\" href=\"\/de\/abo-shop\">Abo-Shop<\/a><\/h2>\n<\/div>\n<\/div>\n","protected":false},"excerpt":{"rendered":"<p>Unser Angebot umfasst Web-Shops, \u00fcber die unsere Medien abonniert oder weitere\u00a0Produkte bestellt werden k\u00f6nnen; Kommunikationsdienstleistungen, mit denen wir Kunden bei ihrer Zielgruppenkommunikation unterst\u00fctzen; sowie die Konzeption, Planung und Durchf\u00fchrung von B2B-Events (vor Ort, digital, oder hybrid).<\/p>\n","protected":false},"author":1,"featured_media":1190,"parent":0,"menu_order":200,"comment_status":"closed","ping_status":"closed","template":"","meta":[],"_links":{"self":[{"href":"https:\/\/www.konradin.de\/de\/wp-json\/wp\/v2\/pages\/6"}],"collection":[{"href":"https:\/\/www.konradin.de\/de\/wp-json\/wp\/v2\/pages"}],"about":[{"href":"https:\/\/www.konradin.de\/de\/wp-json\/wp\/v2\/types\/page"}],"author":[{"embeddable":true,"href":"https:\/\/www.konradin.de\/de\/wp-json\/wp\/v2\/users\/1"}],"replies":[{"embeddable":true,"href":"https:\/\/www.konradin.de\/de\/wp-json\/wp\/v2\/comments?post=6"}],"version-history":[{"count":29,"href":"https:\/\/www.konradin.de\/de\/wp-json\/wp\/v2\/pages\/6\/revisions"}],"predecessor-version":[{"id":5712,"href":"https:\/\/www.konradin.de\/de\/wp-json\/wp\/v2\/pages\/6\/revisions\/5712"}],"wp:featuredmedia":[{"embeddable":true,"href":"https:\/\/www.konradin.de\/de\/wp-json\/wp\/v2\/media\/1190"}],"wp:attachment":[{"href":"https:\/\/www.konradin.de\/de\/wp-json\/wp\/v2\/media?parent=6"}],"curies":[{"name":"wp","href":"https:\/\/api.w.org\/{rel}","templated":true}]}}