{"id":2073,"date":"2025-06-26T13:32:05","date_gmt":"2025-06-26T13:32:05","guid":{"rendered":"https:\/\/www.konradin.de\/en\/?page_id=2073"},"modified":"2026-01-15T12:28:22","modified_gmt":"2026-01-15T12:28:22","slug":"accessibility","status":"publish","type":"page","link":"https:\/\/www.konradin.de\/en\/accessibility\/","title":{"rendered":"Declaration of accessibility"},"content":{"rendered":"<p>This accessibility statement contains information on the accessibility of our website <a href=\"https:\/\/www.konradin.de\/en\/\">www.konradin.de\/en<\/a> in accordance with Section 12 BGG. In addition, contact options for reporting existing barriers are provided.<\/p>\n<p>Konradin Business GmbH<br \/>\nErnst-Mey-Str. 8<br \/>\n70771 Leinfelden-Echterdingen<br \/>\nGermany<\/p>\n<p>Domain: <a href=\"https:\/\/www.konradin.de\/en\/\">www.konradin.de\/en<\/a><\/p>\n<h2>Introduction<\/h2>\n<p>Konradin Business GmbH endeavours to make its website <a href=\"https:\/\/www.konradin.de\/en\/\">www.konradin.de\/en<\/a> accessible in accordance with the Barrierefreiheitsst\u00e4rkungsgesetz (BFSG).<\/p>\n<p>This accessibility statement applies to the website <a href=\"https:\/\/www.konradin.de\/en\/\">www.konradin.de\/en<\/a> .<\/p>\n<h2>Status of compliance with the requirements<\/h2>\n<p>The website <a href=\"https:\/\/www.konradin.de\/en\/\">www.konradin.de\/en<\/a> is partially compliant with the Barrierefreiheitsst\u00e4rkungsgesetz (BFSG) due to the following incompatibilities and exceptions.<\/p>\n<p>Despite our efforts, the content listed below is not barrier-free:<\/p>\n<ul>\n<li>PDF documents: some of our PDF documents are not accessible. We are working on adapting these as quickly as possible or providing accessible alternatives.<\/li>\n<li>Images without alternative text: Some images on the website have no alternative text. We are constantly reviewing and updating this content.<\/li>\n<li>The menu is not fully operable with the keyboard. We will endeavour to provide an adapted version or accessible alternatives as soon as possible.<\/li>\n<\/ul>\n<p>Some barriers on our website cannot be removed at short notice due to economic unreasonableness.<\/p>\n<ul>\n<li>Historical content that was created before the introduction of the current accessibility guidelines. These may not be fully accessible, as subsequent adaptation would be disproportionately costly. However, future content will comply with the latest standards.<\/li>\n<\/ul>\n<h2>Feedback and contact details<\/h2>\n<p>If you have noticed any accessibility issues, you are welcome to report them via the following channels.<br \/>\nEmail: <a href=\"mailto:verbraucherschutz@konradin.de\">verbraucherschutz@konradin.de<\/a><br \/>\nPhone: + 49 711 75944-633<br \/>\nPostal address and contact:<br \/>\nKonradin Mediengrupope<br \/>\nStefan Tuda<br \/>\nErnst-Mey-Str. 8<br \/>\n70771 Leinfelden-Echterdingen<\/p>\n<h2>Market surveillance authority<\/h2>\n<p>The contact details of the responsible market surveillance authority are<\/p>\n<p>Markt\u00fcberwachungsstelle der L\u00e4nder f\u00fcr die Barrierefreiheit von Produkten und Dienstleistungen &#8211; Anstalt \u00f6ffentlichen Rechts (MLBF A\u00f6R).<\/p>\n<p>Carl-Miller-Str. 6<br \/>\n39112 Magdeburg<br \/>\nTelefon: +49 391 567 6970<br \/>\nE-Mail: <a href=\"kontakt@mlbf-barrierefrei.de\">kontakt@mlbf-barrierefrei.de<\/a><\/p>\n<h2>Preparation of this declaration on accessibility<\/h2>\n<p>This declaration was created on 27.06.2025.<\/p>\n<p>This accessibility statement has been prepared with the utmost care and is regularly updated to fulfil current requirements and standards. Nevertheless, errors cannot be completely ruled out. If you find any errors in this statement, please send us a short feedback via the Barriers Reporting functionality as listed in this document.<\/p>\n<p>The statement was last reviewed on 27.06.2025.<\/p>\n","protected":false},"excerpt":{"rendered":"<p>This accessibility statement contains information on the accessibility of our website www.konradin.de\/en in accordance with Section 12 BGG. In addition, contact options for reporting existing barriers are provided. Konradin Business GmbH Ernst-Mey-Str. 8 70771 Leinfelden-Echterdingen Germany Domain: www.konradin.de\/en Introduction Konradin Business GmbH endeavours to make its website www.konradin.de\/en accessible in accordance with the Barrierefreiheitsst\u00e4rkungsgesetz (BFSG). [&hellip;]<\/p>\n","protected":false},"author":14,"featured_media":1171,"parent":0,"menu_order":1200,"comment_status":"closed","ping_status":"closed","template":"","meta":[],"_links":{"self":[{"href":"https:\/\/www.konradin.de\/en\/wp-json\/wp\/v2\/pages\/2073"}],"collection":[{"href":"https:\/\/www.konradin.de\/en\/wp-json\/wp\/v2\/pages"}],"about":[{"href":"https:\/\/www.konradin.de\/en\/wp-json\/wp\/v2\/types\/page"}],"author":[{"embeddable":true,"href":"https:\/\/www.konradin.de\/en\/wp-json\/wp\/v2\/users\/14"}],"replies":[{"embeddable":true,"href":"https:\/\/www.konradin.de\/en\/wp-json\/wp\/v2\/comments?post=2073"}],"version-history":[{"count":4,"href":"https:\/\/www.konradin.de\/en\/wp-json\/wp\/v2\/pages\/2073\/revisions"}],"predecessor-version":[{"id":2108,"href":"https:\/\/www.konradin.de\/en\/wp-json\/wp\/v2\/pages\/2073\/revisions\/2108"}],"wp:featuredmedia":[{"embeddable":true,"href":"https:\/\/www.konradin.de\/en\/wp-json\/wp\/v2\/media\/1171"}],"wp:attachment":[{"href":"https:\/\/www.konradin.de\/en\/wp-json\/wp\/v2\/media?parent=2073"}],"curies":[{"name":"wp","href":"https:\/\/api.w.org\/{rel}","templated":true}]}}